{"id":37,"date":"2020-12-01T18:54:24","date_gmt":"2020-12-01T18:54:24","guid":{"rendered":"https:\/\/www.dynal.cl\/retail\/?page_id=37"},"modified":"2024-10-30T14:56:00","modified_gmt":"2024-10-30T14:56:00","slug":"representaciones","status":"publish","type":"page","link":"https:\/\/www.dynal.cl\/retail\/representaciones\/","title":{"rendered":"Representaciones"},"content":{"rendered":"\t\t<div data-elementor-type=\"wp-page\" data-elementor-id=\"37\" class=\"elementor elementor-37\" data-elementor-settings=\"[]\">\n\t\t\t\t\t\t<div class=\"elementor-inner\">\n\t\t\t\t\t\t\t<div class=\"elementor-section-wrap\">\n\t\t\t\t\t\t\t<section class=\"elementor-section elementor-top-section elementor-element elementor-element-69b6bc81 elementor-section-boxed elementor-section-height-default elementor-section-height-default\" data-id=\"69b6bc81\" data-element_type=\"section\">\n\t\t\t\t\t\t<div class=\"elementor-container elementor-column-gap-default\">\n\t\t\t\t\t\t\t<div class=\"elementor-row\">\n\t\t\t\t\t<div class=\"elementor-column elementor-col-50 elementor-top-column elementor-element elementor-element-117541ce\" data-id=\"117541ce\" data-element_type=\"column\">\n\t\t\t<div class=\"elementor-column-wrap elementor-element-populated\">\n\t\t\t\t\t\t\t<div class=\"elementor-widget-wrap\">\n\t\t\t\t\t\t<div class=\"elementor-element elementor-element-1351bd39 elementor-widget elementor-widget-image\" data-id=\"1351bd39\" data-element_type=\"widget\" data-widget_type=\"image.default\">\n\t\t\t\t<div class=\"elementor-widget-container\">\n\t\t\t\t\t<div class=\"elementor-image\">\n\t\t\t\t\t\t\t\t\t\t\t<a href=\"https:\/\/crafco.com\/\" target=\"_blank\">\n\t\t\t\t\t\t\t<img loading=\"lazy\" decoding=\"async\" width=\"200\" height=\"200\" src=\"https:\/\/www.dynal.cl\/retail\/wp-content\/uploads\/2020\/12\/Logo-Crafco.jpg\" class=\"attachment-large size-large\" alt=\"\" srcset=\"https:\/\/www.dynal.cl\/retail\/wp-content\/uploads\/2020\/12\/Logo-Crafco.jpg 200w, https:\/\/www.dynal.cl\/retail\/wp-content\/uploads\/2020\/12\/Logo-Crafco-150x150.jpg 150w\" sizes=\"(max-width: 200px) 100vw, 200px\" \/>\t\t\t\t\t\t\t\t<\/a>\n\t\t\t\t\t\t\t\t\t\t\t<\/div>\n\t\t\t\t<\/div>\n\t\t\t\t<\/div>\n\t\t\t\t\t\t<\/div>\n\t\t\t\t\t<\/div>\n\t\t<\/div>\n\t\t\t\t<div class=\"elementor-column elementor-col-50 elementor-top-column elementor-element elementor-element-6fa3d3ad\" data-id=\"6fa3d3ad\" data-element_type=\"column\">\n\t\t\t<div class=\"elementor-column-wrap elementor-element-populated\">\n\t\t\t\t\t\t\t<div class=\"elementor-widget-wrap\">\n\t\t\t\t\t\t<div class=\"elementor-element elementor-element-112498d3 elementor-widget elementor-widget-text-editor\" data-id=\"112498d3\" data-element_type=\"widget\" data-widget_type=\"text-editor.default\">\n\t\t\t\t<div class=\"elementor-widget-container\">\n\t\t\t\t\t<div class=\"elementor-text-editor elementor-clearfix\"><p>Productos para Preservaci\u00f3n de Pavimentos y Conservaci\u00f3n Vial. Equipos de aplicaci\u00f3n: Selladoras, Ruteadoras, Bacheadoras. Sellos para Juntas y Grietas, Geocompuestos, Productos para Bacheo y Reparaci\u00f3n. Superficies de Alta Fricci\u00f3n.<\/p><\/div>\n\t\t\t\t<\/div>\n\t\t\t\t<\/div>\n\t\t\t\t\t\t<\/div>\n\t\t\t\t\t<\/div>\n\t\t<\/div>\n\t\t\t\t\t\t\t\t<\/div>\n\t\t\t\t\t<\/div>\n\t\t<\/section>\n\t\t\t\t<section class=\"elementor-section elementor-top-section elementor-element elementor-element-18af1c50 elementor-section-boxed elementor-section-height-default elementor-section-height-default\" data-id=\"18af1c50\" data-element_type=\"section\">\n\t\t\t\t\t\t<div class=\"elementor-container elementor-column-gap-default\">\n\t\t\t\t\t\t\t<div class=\"elementor-row\">\n\t\t\t\t\t<div class=\"elementor-column elementor-col-50 elementor-top-column elementor-element elementor-element-d51fec6\" data-id=\"d51fec6\" data-element_type=\"column\">\n\t\t\t<div class=\"elementor-column-wrap elementor-element-populated\">\n\t\t\t\t\t\t\t<div class=\"elementor-widget-wrap\">\n\t\t\t\t\t\t<div class=\"elementor-element elementor-element-4ababd9c elementor-widget elementor-widget-image\" data-id=\"4ababd9c\" data-element_type=\"widget\" data-widget_type=\"image.default\">\n\t\t\t\t<div class=\"elementor-widget-container\">\n\t\t\t\t\t<div class=\"elementor-image\">\n\t\t\t\t\t\t\t\t\t\t\t<a href=\"https:\/\/www.danosa.com\/\" target=\"_blank\">\n\t\t\t\t\t\t\t<img loading=\"lazy\" decoding=\"async\" width=\"200\" height=\"200\" src=\"https:\/\/www.dynal.cl\/retail\/wp-content\/uploads\/2020\/12\/Logo-Danosa.jpg\" class=\"attachment-large size-large\" alt=\"\" srcset=\"https:\/\/www.dynal.cl\/retail\/wp-content\/uploads\/2020\/12\/Logo-Danosa.jpg 200w, https:\/\/www.dynal.cl\/retail\/wp-content\/uploads\/2020\/12\/Logo-Danosa-150x150.jpg 150w\" sizes=\"(max-width: 200px) 100vw, 200px\" \/>\t\t\t\t\t\t\t\t<\/a>\n\t\t\t\t\t\t\t\t\t\t\t<\/div>\n\t\t\t\t<\/div>\n\t\t\t\t<\/div>\n\t\t\t\t\t\t<\/div>\n\t\t\t\t\t<\/div>\n\t\t<\/div>\n\t\t\t\t<div class=\"elementor-column elementor-col-50 elementor-top-column elementor-element elementor-element-33412480\" data-id=\"33412480\" data-element_type=\"column\">\n\t\t\t<div class=\"elementor-column-wrap elementor-element-populated\">\n\t\t\t\t\t\t\t<div class=\"elementor-widget-wrap\">\n\t\t\t\t\t\t<div class=\"elementor-element elementor-element-65472fd2 elementor-widget elementor-widget-text-editor\" data-id=\"65472fd2\" data-element_type=\"widget\" data-widget_type=\"text-editor.default\">\n\t\t\t\t<div class=\"elementor-widget-container\">\n\t\t\t\t\t<div class=\"elementor-text-editor elementor-clearfix\"><p>Laminas Drenantes Danodren\u00ae. L\u00e1minas sint\u00e9ticas de PVC Danopol\u00ae fabricadas mediante calandrado en dos capas y reforzada con diferentes tipos de armadura para cubiertas e impermeabilizaci\u00f3n subterr\u00e1nea y t\u00faneles. Norma CE. Impermeabilizantes Liquidos de Poliuretano Danopur\u00ae y Poliureas Danocoat\u00ae. Aislamientos T\u00e9rmicos de Poliestireno Extruido (XPS) Danopren\u00ae. Aislamientos T\u00e9rmicos Transitables Danolosa\u00ae. Claraboyas para cubiertas Industriales y Comerciales.<\/p><\/div>\n\t\t\t\t<\/div>\n\t\t\t\t<\/div>\n\t\t\t\t\t\t<\/div>\n\t\t\t\t\t<\/div>\n\t\t<\/div>\n\t\t\t\t\t\t\t\t<\/div>\n\t\t\t\t\t<\/div>\n\t\t<\/section>\n\t\t\t\t<section class=\"elementor-section elementor-top-section elementor-element elementor-element-4c7056a1 elementor-section-boxed elementor-section-height-default elementor-section-height-default\" data-id=\"4c7056a1\" data-element_type=\"section\">\n\t\t\t\t\t\t<div class=\"elementor-container elementor-column-gap-default\">\n\t\t\t\t\t\t\t<div class=\"elementor-row\">\n\t\t\t\t\t<div class=\"elementor-column elementor-col-50 elementor-top-column elementor-element elementor-element-264dbe8b\" data-id=\"264dbe8b\" data-element_type=\"column\">\n\t\t\t<div class=\"elementor-column-wrap elementor-element-populated\">\n\t\t\t\t\t\t\t<div class=\"elementor-widget-wrap\">\n\t\t\t\t\t\t<div class=\"elementor-element elementor-element-492967fa elementor-widget elementor-widget-image\" data-id=\"492967fa\" data-element_type=\"widget\" data-widget_type=\"image.default\">\n\t\t\t\t<div class=\"elementor-widget-container\">\n\t\t\t\t\t<div class=\"elementor-image\">\n\t\t\t\t\t\t\t\t\t\t\t<a href=\"https:\/\/www.dorken.com\/en\/\" target=\"_blank\">\n\t\t\t\t\t\t\t<img loading=\"lazy\" decoding=\"async\" width=\"200\" height=\"200\" src=\"https:\/\/www.dynal.cl\/retail\/wp-content\/uploads\/2020\/12\/Logo-Delta.jpg\" class=\"attachment-large size-large\" alt=\"\" srcset=\"https:\/\/www.dynal.cl\/retail\/wp-content\/uploads\/2020\/12\/Logo-Delta.jpg 200w, https:\/\/www.dynal.cl\/retail\/wp-content\/uploads\/2020\/12\/Logo-Delta-150x150.jpg 150w\" sizes=\"(max-width: 200px) 100vw, 200px\" \/>\t\t\t\t\t\t\t\t<\/a>\n\t\t\t\t\t\t\t\t\t\t\t<\/div>\n\t\t\t\t<\/div>\n\t\t\t\t<\/div>\n\t\t\t\t\t\t<\/div>\n\t\t\t\t\t<\/div>\n\t\t<\/div>\n\t\t\t\t<div class=\"elementor-column elementor-col-50 elementor-top-column elementor-element elementor-element-2884453f\" data-id=\"2884453f\" data-element_type=\"column\">\n\t\t\t<div class=\"elementor-column-wrap elementor-element-populated\">\n\t\t\t\t\t\t\t<div class=\"elementor-widget-wrap\">\n\t\t\t\t\t\t<div class=\"elementor-element elementor-element-44ffa135 elementor-widget elementor-widget-text-editor\" data-id=\"44ffa135\" data-element_type=\"widget\" data-widget_type=\"text-editor.default\">\n\t\t\t\t<div class=\"elementor-widget-container\">\n\t\t\t\t\t<div class=\"elementor-text-editor elementor-clearfix\"><p>L\u00e1minas Drenantes Delta\u00ae N\u00b0 1 de Norte Am\u00e9rica y Europa. Laminas Drenantes para drenaje de obras residenciales, comerciales, civiles y t\u00faneles. Barreras de Vapor, Membranas Hidr\u00f3fugas de Alto Est\u00e1ndar para muros y envolventes, Accesorios. Sistemas para Techos Verdes Delta\u00ae Garden Roof System.<\/p><\/div>\n\t\t\t\t<\/div>\n\t\t\t\t<\/div>\n\t\t\t\t\t\t<\/div>\n\t\t\t\t\t<\/div>\n\t\t<\/div>\n\t\t\t\t\t\t\t\t<\/div>\n\t\t\t\t\t<\/div>\n\t\t<\/section>\n\t\t\t\t<section class=\"elementor-section elementor-top-section elementor-element elementor-element-5db5e82c elementor-section-boxed elementor-section-height-default elementor-section-height-default\" data-id=\"5db5e82c\" data-element_type=\"section\">\n\t\t\t\t\t\t<div class=\"elementor-container elementor-column-gap-default\">\n\t\t\t\t\t\t\t<div class=\"elementor-row\">\n\t\t\t\t\t<div class=\"elementor-column elementor-col-50 elementor-top-column elementor-element elementor-element-3a89ba8c\" data-id=\"3a89ba8c\" data-element_type=\"column\">\n\t\t\t<div class=\"elementor-column-wrap elementor-element-populated\">\n\t\t\t\t\t\t\t<div class=\"elementor-widget-wrap\">\n\t\t\t\t\t\t<div class=\"elementor-element elementor-element-37c7dc14 elementor-widget elementor-widget-image\" data-id=\"37c7dc14\" data-element_type=\"widget\" data-widget_type=\"image.default\">\n\t\t\t\t<div class=\"elementor-widget-container\">\n\t\t\t\t\t<div class=\"elementor-image\">\n\t\t\t\t\t\t\t\t\t\t\t<a href=\"https:\/\/trocellen.com\/es\/\" target=\"_blank\">\n\t\t\t\t\t\t\t<img loading=\"lazy\" decoding=\"async\" width=\"200\" height=\"200\" src=\"https:\/\/www.dynal.cl\/retail\/wp-content\/uploads\/2020\/12\/Logo-Trocellen.jpg\" class=\"attachment-large size-large\" alt=\"\" srcset=\"https:\/\/www.dynal.cl\/retail\/wp-content\/uploads\/2020\/12\/Logo-Trocellen.jpg 200w, https:\/\/www.dynal.cl\/retail\/wp-content\/uploads\/2020\/12\/Logo-Trocellen-150x150.jpg 150w\" sizes=\"(max-width: 200px) 100vw, 200px\" \/>\t\t\t\t\t\t\t\t<\/a>\n\t\t\t\t\t\t\t\t\t\t\t<\/div>\n\t\t\t\t<\/div>\n\t\t\t\t<\/div>\n\t\t\t\t\t\t<\/div>\n\t\t\t\t\t<\/div>\n\t\t<\/div>\n\t\t\t\t<div class=\"elementor-column elementor-col-50 elementor-top-column elementor-element elementor-element-3a04d357\" data-id=\"3a04d357\" data-element_type=\"column\">\n\t\t\t<div class=\"elementor-column-wrap elementor-element-populated\">\n\t\t\t\t\t\t\t<div class=\"elementor-widget-wrap\">\n\t\t\t\t\t\t<div class=\"elementor-element elementor-element-1fb9adb0 elementor-widget elementor-widget-text-editor\" data-id=\"1fb9adb0\" data-element_type=\"widget\" data-widget_type=\"text-editor.default\">\n\t\t\t\t<div class=\"elementor-widget-container\">\n\t\t\t\t\t<div class=\"elementor-text-editor elementor-clearfix\"><p>Membranas de espuma de polietileno (PE) reticulado para impermeabilizaci\u00f3n y recuperaci\u00f3n de t\u00faneles de cara vista Trocellen\u00ae Tunel Clasificaci\u00f3n Fuego.<\/p><p>\u00a0<\/p><\/div>\n\t\t\t\t<\/div>\n\t\t\t\t<\/div>\n\t\t\t\t\t\t<\/div>\n\t\t\t\t\t<\/div>\n\t\t<\/div>\n\t\t\t\t\t\t\t\t<\/div>\n\t\t\t\t\t<\/div>\n\t\t<\/section>\n\t\t\t\t<section class=\"elementor-section elementor-top-section elementor-element elementor-element-11828010 elementor-section-boxed elementor-section-height-default elementor-section-height-default\" data-id=\"11828010\" data-element_type=\"section\">\n\t\t\t\t\t\t<div class=\"elementor-container elementor-column-gap-default\">\n\t\t\t\t\t\t\t<div class=\"elementor-row\">\n\t\t\t\t\t<div class=\"elementor-column elementor-col-50 elementor-top-column elementor-element elementor-element-421dfadc\" data-id=\"421dfadc\" data-element_type=\"column\">\n\t\t\t<div class=\"elementor-column-wrap elementor-element-populated\">\n\t\t\t\t\t\t\t<div class=\"elementor-widget-wrap\">\n\t\t\t\t\t\t<div class=\"elementor-element elementor-element-7c8efb14 elementor-widget elementor-widget-image\" data-id=\"7c8efb14\" data-element_type=\"widget\" data-widget_type=\"image.default\">\n\t\t\t\t<div class=\"elementor-widget-container\">\n\t\t\t\t\t<div class=\"elementor-image\">\n\t\t\t\t\t\t\t\t\t\t\t<a href=\"https:\/\/etanco.es\/\" target=\"_blank\">\n\t\t\t\t\t\t\t<img loading=\"lazy\" decoding=\"async\" width=\"200\" height=\"200\" src=\"https:\/\/www.dynal.cl\/retail\/wp-content\/uploads\/2020\/12\/etanco.jpg\" class=\"attachment-large size-large\" alt=\"\" srcset=\"https:\/\/www.dynal.cl\/retail\/wp-content\/uploads\/2020\/12\/etanco.jpg 200w, https:\/\/www.dynal.cl\/retail\/wp-content\/uploads\/2020\/12\/etanco-150x150.jpg 150w\" sizes=\"(max-width: 200px) 100vw, 200px\" \/>\t\t\t\t\t\t\t\t<\/a>\n\t\t\t\t\t\t\t\t\t\t\t<\/div>\n\t\t\t\t<\/div>\n\t\t\t\t<\/div>\n\t\t\t\t\t\t<\/div>\n\t\t\t\t\t<\/div>\n\t\t<\/div>\n\t\t\t\t<div class=\"elementor-column elementor-col-50 elementor-top-column elementor-element elementor-element-415d9193\" data-id=\"415d9193\" data-element_type=\"column\">\n\t\t\t<div class=\"elementor-column-wrap elementor-element-populated\">\n\t\t\t\t\t\t\t<div class=\"elementor-widget-wrap\">\n\t\t\t\t\t\t<div class=\"elementor-element elementor-element-6e463bb8 elementor-widget elementor-widget-text-editor\" data-id=\"6e463bb8\" data-element_type=\"widget\" data-widget_type=\"text-editor.default\">\n\t\t\t\t<div class=\"elementor-widget-container\">\n\t\t\t\t\t<div class=\"elementor-text-editor elementor-clearfix\"><p>Los sistemas de fijaci\u00f3n Etanco\u00ae se caracterizan por su calidad, la cual se consigue por la selecci\u00f3n de las mejores materias primas, un dise\u00f1o minuciosamente estudiado y los m\u00e1s estrictos controles de calidad.<\/p><\/div>\n\t\t\t\t<\/div>\n\t\t\t\t<\/div>\n\t\t\t\t\t\t<\/div>\n\t\t\t\t\t<\/div>\n\t\t<\/div>\n\t\t\t\t\t\t\t\t<\/div>\n\t\t\t\t\t<\/div>\n\t\t<\/section>\n\t\t\t\t<section class=\"elementor-section elementor-top-section elementor-element elementor-element-5862b13 elementor-section-boxed elementor-section-height-default elementor-section-height-default\" data-id=\"5862b13\" data-element_type=\"section\">\n\t\t\t\t\t\t<div class=\"elementor-container elementor-column-gap-default\">\n\t\t\t\t\t\t\t<div class=\"elementor-row\">\n\t\t\t\t\t<div class=\"elementor-column elementor-col-50 elementor-top-column elementor-element elementor-element-09452d5\" data-id=\"09452d5\" data-element_type=\"column\">\n\t\t\t<div class=\"elementor-column-wrap elementor-element-populated\">\n\t\t\t\t\t\t\t<div class=\"elementor-widget-wrap\">\n\t\t\t\t\t\t<div class=\"elementor-element elementor-element-79ba765 elementor-widget elementor-widget-image\" data-id=\"79ba765\" data-element_type=\"widget\" data-widget_type=\"image.default\">\n\t\t\t\t<div class=\"elementor-widget-container\">\n\t\t\t\t\t<div class=\"elementor-image\">\n\t\t\t\t\t\t\t\t\t\t\t<a href=\"https:\/\/etanco.es\/\" target=\"_blank\">\n\t\t\t\t\t\t\t<img loading=\"lazy\" decoding=\"async\" width=\"120\" height=\"120\" src=\"https:\/\/www.dynal.cl\/retail\/wp-content\/uploads\/2020\/12\/termolan.webp\" class=\"attachment-large size-large\" alt=\"\" \/>\t\t\t\t\t\t\t\t<\/a>\n\t\t\t\t\t\t\t\t\t\t\t<\/div>\n\t\t\t\t<\/div>\n\t\t\t\t<\/div>\n\t\t\t\t\t\t<\/div>\n\t\t\t\t\t<\/div>\n\t\t<\/div>\n\t\t\t\t<div class=\"elementor-column elementor-col-50 elementor-top-column elementor-element elementor-element-0b1540f\" data-id=\"0b1540f\" data-element_type=\"column\">\n\t\t\t<div class=\"elementor-column-wrap elementor-element-populated\">\n\t\t\t\t\t\t\t<div class=\"elementor-widget-wrap\">\n\t\t\t\t\t\t<div class=\"elementor-element elementor-element-69117a3 elementor-widget elementor-widget-text-editor\" data-id=\"69117a3\" data-element_type=\"widget\" data-widget_type=\"text-editor.default\">\n\t\t\t\t<div class=\"elementor-widget-container\">\n\t\t\t\t\t<div class=\"elementor-text-editor elementor-clearfix\">Empresa con una marca de referencia en los productos de aislamiento y de protecci\u00f3n al fuego. Facilidad y rapidez de instalaci\u00f3n, adaptaci\u00f3n a los elementos estructurales. Rendimiento ac\u00fastico significativamente mejorado. Seguridad en caso de incendio. Estabilidad dimensional. Muy buen desempe\u00f1o al agua. Producto inerte y que respeta el medio ambiente (libre de CFC y HCFC).<\/div>\n\t\t\t\t<\/div>\n\t\t\t\t<\/div>\n\t\t\t\t\t\t<\/div>\n\t\t\t\t\t<\/div>\n\t\t<\/div>\n\t\t\t\t\t\t\t\t<\/div>\n\t\t\t\t\t<\/div>\n\t\t<\/section>\n\t\t\t\t<section class=\"elementor-section elementor-top-section elementor-element elementor-element-1572127 elementor-section-boxed elementor-section-height-default elementor-section-height-default\" data-id=\"1572127\" data-element_type=\"section\">\n\t\t\t\t\t\t<div class=\"elementor-container elementor-column-gap-default\">\n\t\t\t\t\t\t\t<div class=\"elementor-row\">\n\t\t\t\t\t<div class=\"elementor-column elementor-col-50 elementor-top-column elementor-element elementor-element-36b7642\" data-id=\"36b7642\" data-element_type=\"column\">\n\t\t\t<div class=\"elementor-column-wrap elementor-element-populated\">\n\t\t\t\t\t\t\t<div class=\"elementor-widget-wrap\">\n\t\t\t\t\t\t<div class=\"elementor-element elementor-element-33af5c2 elementor-widget elementor-widget-image\" data-id=\"33af5c2\" data-element_type=\"widget\" data-widget_type=\"image.default\">\n\t\t\t\t<div class=\"elementor-widget-container\">\n\t\t\t\t\t<div class=\"elementor-image\">\n\t\t\t\t\t\t\t\t\t\t\t<a href=\"https:\/\/etanco.es\/\" target=\"_blank\">\n\t\t\t\t\t\t\t<img loading=\"lazy\" decoding=\"async\" width=\"120\" height=\"120\" src=\"https:\/\/www.dynal.cl\/retail\/wp-content\/uploads\/2020\/12\/quiadsa.webp\" class=\"attachment-large size-large\" alt=\"\" \/>\t\t\t\t\t\t\t\t<\/a>\n\t\t\t\t\t\t\t\t\t\t\t<\/div>\n\t\t\t\t<\/div>\n\t\t\t\t<\/div>\n\t\t\t\t\t\t<\/div>\n\t\t\t\t\t<\/div>\n\t\t<\/div>\n\t\t\t\t<div class=\"elementor-column elementor-col-50 elementor-top-column elementor-element elementor-element-4bb4789\" data-id=\"4bb4789\" data-element_type=\"column\">\n\t\t\t<div class=\"elementor-column-wrap elementor-element-populated\">\n\t\t\t\t\t\t\t<div class=\"elementor-widget-wrap\">\n\t\t\t\t\t\t<div class=\"elementor-element elementor-element-3a92068 elementor-widget elementor-widget-text-editor\" data-id=\"3a92068\" data-element_type=\"widget\" data-widget_type=\"text-editor.default\">\n\t\t\t\t<div class=\"elementor-widget-container\">\n\t\t\t\t\t<div class=\"elementor-text-editor elementor-clearfix\">Compa\u00f1\u00eda espa\u00f1ola, dedicada a la fabricaci\u00f3n y distribuci\u00f3n de adhesivos, selladores e impermeabilizantes.\nNuestros objetivos son la mejora continua, la calidad, el desarrollo, la investigaci\u00f3n e innovaci\u00f3n de nuestra gama de productos, as\u00ed como ofrecer una atenci\u00f3n personalizada a nuestros clientes.\n<\/div>\n\t\t\t\t<\/div>\n\t\t\t\t<\/div>\n\t\t\t\t\t\t<\/div>\n\t\t\t\t\t<\/div>\n\t\t<\/div>\n\t\t\t\t\t\t\t\t<\/div>\n\t\t\t\t\t<\/div>\n\t\t<\/section>\n\t\t\t\t\t\t<\/div>\n\t\t\t\t\t\t<\/div>\n\t\t\t\t\t<\/div>\n\t\t","protected":false},"excerpt":{"rendered":"<p>Productos para Preservaci\u00f3n de Pavimentos y Conservaci\u00f3n Vial. Equipos de aplicaci\u00f3n: Selladoras, Ruteadoras, Bacheadoras. Sellos para Juntas y Grietas, Geocompuestos, Productos para Bacheo y Reparaci\u00f3n. Superficies de Alta Fricci\u00f3n. Laminas Drenantes Danodren\u00ae. L\u00e1minas sint\u00e9ticas de PVC Danopol\u00ae fabricadas mediante calandrado en dos capas y reforzada con diferentes tipos de armadura para cubiertas e impermeabilizaci\u00f3n subterr\u00e1nea [&hellip;]<\/p>\n","protected":false},"author":1,"featured_media":0,"parent":0,"menu_order":0,"comment_status":"closed","ping_status":"closed","template":"","meta":{"footnotes":""},"_links":{"self":[{"href":"https:\/\/www.dynal.cl\/retail\/wp-json\/wp\/v2\/pages\/37"}],"collection":[{"href":"https:\/\/www.dynal.cl\/retail\/wp-json\/wp\/v2\/pages"}],"about":[{"href":"https:\/\/www.dynal.cl\/retail\/wp-json\/wp\/v2\/types\/page"}],"author":[{"embeddable":true,"href":"https:\/\/www.dynal.cl\/retail\/wp-json\/wp\/v2\/users\/1"}],"replies":[{"embeddable":true,"href":"https:\/\/www.dynal.cl\/retail\/wp-json\/wp\/v2\/comments?post=37"}],"version-history":[{"count":7,"href":"https:\/\/www.dynal.cl\/retail\/wp-json\/wp\/v2\/pages\/37\/revisions"}],"predecessor-version":[{"id":1541,"href":"https:\/\/www.dynal.cl\/retail\/wp-json\/wp\/v2\/pages\/37\/revisions\/1541"}],"wp:attachment":[{"href":"https:\/\/www.dynal.cl\/retail\/wp-json\/wp\/v2\/media?parent=37"}],"curies":[{"name":"wp","href":"https:\/\/api.w.org\/{rel}","templated":true}]}}