{"id":970,"date":"2021-02-03T16:19:10","date_gmt":"2021-02-03T16:19:10","guid":{"rendered":"https:\/\/www.dynal.cl\/pavimentacion\/?page_id=970"},"modified":"2021-07-14T16:39:43","modified_gmt":"2021-07-14T16:39:43","slug":"revestimientos-asfalticos-antiacidos","status":"publish","type":"page","link":"https:\/\/www.dynal.cl\/pavimentacion\/revestimientos-asfalticos-antiacidos\/","title":{"rendered":"REVESTIMIENTOS ASF\u00c1LTICOS ANTI\u00c1CIDOS"},"content":{"rendered":"\t\t<div data-elementor-type=\"wp-page\" data-elementor-id=\"970\" class=\"elementor elementor-970\" data-elementor-settings=\"[]\">\n\t\t\t\t\t\t<div class=\"elementor-inner\">\n\t\t\t\t\t\t\t<div class=\"elementor-section-wrap\">\n\t\t\t\t\t\t\t<section class=\"elementor-section elementor-top-section elementor-element elementor-element-3aab2c61 elementor-section-boxed elementor-section-height-default elementor-section-height-default\" data-id=\"3aab2c61\" data-element_type=\"section\">\n\t\t\t\t\t\t<div class=\"elementor-container elementor-column-gap-default\">\n\t\t\t\t\t\t\t<div class=\"elementor-row\">\n\t\t\t\t\t<div class=\"elementor-column elementor-col-25 elementor-top-column elementor-element elementor-element-78853f38\" data-id=\"78853f38\" data-element_type=\"column\" data-settings=\"{&quot;background_background&quot;:&quot;classic&quot;}\">\n\t\t\t<div class=\"elementor-column-wrap elementor-element-populated\">\n\t\t\t\t\t\t\t<div class=\"elementor-widget-wrap\">\n\t\t\t\t\t\t<div class=\"elementor-element elementor-element-11e633f7 elementor-widget elementor-widget-heading\" data-id=\"11e633f7\" data-element_type=\"widget\" data-widget_type=\"heading.default\">\n\t\t\t\t<div class=\"elementor-widget-container\">\n\t\t\t<h2 class=\"elementor-heading-title elementor-size-default\"><a href=\"https:\/\/www.dynal.cl\/pavimentacion\/category\/imprimantes-antiacidos\/\">Imprimantes Anti\u00e1cidos<\/a><\/h2>\t\t<\/div>\n\t\t\t\t<\/div>\n\t\t\t\t\t\t<\/div>\n\t\t\t\t\t<\/div>\n\t\t<\/div>\n\t\t\t\t<div class=\"elementor-column elementor-col-25 elementor-top-column elementor-element elementor-element-436f85fd\" data-id=\"436f85fd\" data-element_type=\"column\" data-settings=\"{&quot;background_background&quot;:&quot;classic&quot;}\">\n\t\t\t<div class=\"elementor-column-wrap elementor-element-populated\">\n\t\t\t\t\t\t\t<div class=\"elementor-widget-wrap\">\n\t\t\t\t\t\t<div class=\"elementor-element elementor-element-6d40fdc5 elementor-widget elementor-widget-heading\" data-id=\"6d40fdc5\" data-element_type=\"widget\" data-widget_type=\"heading.default\">\n\t\t\t\t<div class=\"elementor-widget-container\">\n\t\t\t<h2 class=\"elementor-heading-title elementor-size-default\"><a href=\"https:\/\/www.dynal.cl\/pavimentacion\/category\/membranas-asfalticas-antiacidas\/\">Membranas Asf\u00e1lticas Anti\u00e1cidas<\/a><\/h2>\t\t<\/div>\n\t\t\t\t<\/div>\n\t\t\t\t\t\t<\/div>\n\t\t\t\t\t<\/div>\n\t\t<\/div>\n\t\t\t\t<div class=\"elementor-column elementor-col-25 elementor-top-column elementor-element elementor-element-11a18549\" data-id=\"11a18549\" data-element_type=\"column\" data-settings=\"{&quot;background_background&quot;:&quot;classic&quot;}\">\n\t\t\t<div class=\"elementor-column-wrap elementor-element-populated\">\n\t\t\t\t\t\t\t<div class=\"elementor-widget-wrap\">\n\t\t\t\t\t\t<div class=\"elementor-element elementor-element-78d1a99c elementor-widget elementor-widget-heading\" data-id=\"78d1a99c\" data-element_type=\"widget\" data-widget_type=\"heading.default\">\n\t\t\t\t<div class=\"elementor-widget-container\">\n\t\t\t<h2 class=\"elementor-heading-title elementor-size-default\"><a href=\"https:\/\/www.dynal.cl\/pavimentacion\/category\/adhesivos-y-sellos-antiacidos\/\">Adhesivos y sellos Anti\u00e1cidos<\/a><\/h2>\t\t<\/div>\n\t\t\t\t<\/div>\n\t\t\t\t\t\t<\/div>\n\t\t\t\t\t<\/div>\n\t\t<\/div>\n\t\t\t\t<div class=\"elementor-column elementor-col-25 elementor-top-column elementor-element elementor-element-ea56ef6\" data-id=\"ea56ef6\" data-element_type=\"column\" data-settings=\"{&quot;background_background&quot;:&quot;classic&quot;}\">\n\t\t\t<div class=\"elementor-column-wrap elementor-element-populated\">\n\t\t\t\t\t\t\t<div class=\"elementor-widget-wrap\">\n\t\t\t\t\t\t<div class=\"elementor-element elementor-element-18b6fe7c elementor-widget elementor-widget-heading\" data-id=\"18b6fe7c\" data-element_type=\"widget\" data-widget_type=\"heading.default\">\n\t\t\t\t<div class=\"elementor-widget-container\">\n\t\t\t<h2 class=\"elementor-heading-title elementor-size-default\"><a href=\"https:\/\/www.dynal.cl\/pavimentacion\/category\/bitumen-y-pavimentos-antiacidos\/\">Bitumen y Pavimentos Anti\u00e1cidos<\/a><\/h2>\t\t<\/div>\n\t\t\t\t<\/div>\n\t\t\t\t\t\t<\/div>\n\t\t\t\t\t<\/div>\n\t\t<\/div>\n\t\t\t\t\t\t\t\t<\/div>\n\t\t\t\t\t<\/div>\n\t\t<\/section>\n\t\t\t\t\t\t<\/div>\n\t\t\t\t\t\t<\/div>\n\t\t\t\t\t<\/div>\n\t\t","protected":false},"excerpt":{"rendered":"<p>Imprimantes Anti\u00e1cidos Membranas Asf\u00e1lticas Anti\u00e1cidas Adhesivos y sellos Anti\u00e1cidos Bitumen y Pavimentos Anti\u00e1cidos<\/p>\n","protected":false},"author":1,"featured_media":0,"parent":0,"menu_order":0,"comment_status":"closed","ping_status":"closed","template":"","meta":{"footnotes":""},"_links":{"self":[{"href":"https:\/\/www.dynal.cl\/pavimentacion\/wp-json\/wp\/v2\/pages\/970"}],"collection":[{"href":"https:\/\/www.dynal.cl\/pavimentacion\/wp-json\/wp\/v2\/pages"}],"about":[{"href":"https:\/\/www.dynal.cl\/pavimentacion\/wp-json\/wp\/v2\/types\/page"}],"author":[{"embeddable":true,"href":"https:\/\/www.dynal.cl\/pavimentacion\/wp-json\/wp\/v2\/users\/1"}],"replies":[{"embeddable":true,"href":"https:\/\/www.dynal.cl\/pavimentacion\/wp-json\/wp\/v2\/comments?post=970"}],"version-history":[{"count":14,"href":"https:\/\/www.dynal.cl\/pavimentacion\/wp-json\/wp\/v2\/pages\/970\/revisions"}],"predecessor-version":[{"id":1582,"href":"https:\/\/www.dynal.cl\/pavimentacion\/wp-json\/wp\/v2\/pages\/970\/revisions\/1582"}],"wp:attachment":[{"href":"https:\/\/www.dynal.cl\/pavimentacion\/wp-json\/wp\/v2\/media?parent=970"}],"curies":[{"name":"wp","href":"https:\/\/api.w.org\/{rel}","templated":true}]}}