{"id":35,"date":"2020-12-01T14:20:36","date_gmt":"2020-12-01T14:20:36","guid":{"rendered":"https:\/\/www.dynal.cl\/pavimentacion\/?page_id=35"},"modified":"2020-12-02T00:25:51","modified_gmt":"2020-12-02T00:25:51","slug":"rse","status":"publish","type":"page","link":"https:\/\/www.dynal.cl\/pavimentacion\/rse\/","title":{"rendered":"RSE"},"content":{"rendered":"\t\t<div data-elementor-type=\"wp-page\" data-elementor-id=\"35\" class=\"elementor elementor-35\" data-elementor-settings=\"[]\">\n\t\t\t\t\t\t<div class=\"elementor-inner\">\n\t\t\t\t\t\t\t<div class=\"elementor-section-wrap\">\n\t\t\t\t\t\t\t<section class=\"elementor-section elementor-top-section elementor-element elementor-element-1ee27108 elementor-section-boxed elementor-section-height-default elementor-section-height-default\" data-id=\"1ee27108\" data-element_type=\"section\">\n\t\t\t\t\t\t<div class=\"elementor-container elementor-column-gap-default\">\n\t\t\t\t\t\t\t<div class=\"elementor-row\">\n\t\t\t\t\t<div class=\"elementor-column elementor-col-100 elementor-top-column elementor-element elementor-element-8f0c8d\" data-id=\"8f0c8d\" data-element_type=\"column\">\n\t\t\t<div class=\"elementor-column-wrap elementor-element-populated\">\n\t\t\t\t\t\t\t<div class=\"elementor-widget-wrap\">\n\t\t\t\t\t\t<div class=\"elementor-element elementor-element-4015be76 elementor-widget elementor-widget-heading\" data-id=\"4015be76\" data-element_type=\"widget\" data-widget_type=\"heading.default\">\n\t\t\t\t<div class=\"elementor-widget-container\">\n\t\t\t<h2 class=\"elementor-heading-title elementor-size-default\">Responsabilidad Social Empresarial (RSE)<\/h2>\t\t<\/div>\n\t\t\t\t<\/div>\n\t\t\t\t<div class=\"elementor-element elementor-element-29e815dd elementor-widget elementor-widget-text-editor\" data-id=\"29e815dd\" data-element_type=\"widget\" data-widget_type=\"text-editor.default\">\n\t\t\t\t<div class=\"elementor-widget-container\">\n\t\t\t\t\t<div class=\"elementor-text-editor elementor-clearfix\"><p>DYNAL participa en el financiamiento y colaborando para el desarrollo del Centro de Informaci\u00f3n Toxicol\u00f3gica (CITUC)\u00a0<a href=\"http:\/\/www.cituc.cl\/\" target=\"_blank\" rel=\"noopener\">www.cituc.cl<\/a>\u00a0de la Pontificia Universidad Cat\u00f3lica de Chile permitiendo disponer de informaci\u00f3n actualizada para atender Emergencias Toxicol\u00f3gicas y Emergencias Qu\u00edmicas asociadas a sus productos con el objetivo de salvar vidas a trav\u00e9s de consejos valiosos y oportunos.<\/p><\/div>\n\t\t\t\t<\/div>\n\t\t\t\t<\/div>\n\t\t\t\t\t\t<\/div>\n\t\t\t\t\t<\/div>\n\t\t<\/div>\n\t\t\t\t\t\t\t\t<\/div>\n\t\t\t\t\t<\/div>\n\t\t<\/section>\n\t\t\t\t<section class=\"elementor-section elementor-top-section elementor-element elementor-element-1d571167 elementor-section-boxed elementor-section-height-default elementor-section-height-default\" data-id=\"1d571167\" data-element_type=\"section\">\n\t\t\t\t\t\t<div class=\"elementor-container elementor-column-gap-default\">\n\t\t\t\t\t\t\t<div class=\"elementor-row\">\n\t\t\t\t\t<div class=\"elementor-column elementor-col-100 elementor-top-column elementor-element elementor-element-1324580c\" data-id=\"1324580c\" data-element_type=\"column\">\n\t\t\t<div class=\"elementor-column-wrap elementor-element-populated\">\n\t\t\t\t\t\t\t<div class=\"elementor-widget-wrap\">\n\t\t\t\t\t\t<div class=\"elementor-element elementor-element-756c6a39 elementor-widget elementor-widget-heading\" data-id=\"756c6a39\" data-element_type=\"widget\" data-widget_type=\"heading.default\">\n\t\t\t\t<div class=\"elementor-widget-container\">\n\t\t\t<h2 class=\"elementor-heading-title elementor-size-default\">CITUC (Centro de Informaci\u00f3n Toxicol\u00f3gica y de Medicamentos de la Universidad Cat\u00f3lica de Chile)<\/h2>\t\t<\/div>\n\t\t\t\t<\/div>\n\t\t\t\t\t\t<\/div>\n\t\t\t\t\t<\/div>\n\t\t<\/div>\n\t\t\t\t\t\t\t\t<\/div>\n\t\t\t\t\t<\/div>\n\t\t<\/section>\n\t\t\t\t<section class=\"elementor-section elementor-top-section elementor-element elementor-element-6eb4331a elementor-section-boxed elementor-section-height-default elementor-section-height-default\" data-id=\"6eb4331a\" data-element_type=\"section\">\n\t\t\t\t\t\t<div class=\"elementor-container elementor-column-gap-default\">\n\t\t\t\t\t\t\t<div class=\"elementor-row\">\n\t\t\t\t\t<div class=\"elementor-column elementor-col-100 elementor-top-column elementor-element elementor-element-6ceb7c8e\" data-id=\"6ceb7c8e\" data-element_type=\"column\">\n\t\t\t<div class=\"elementor-column-wrap elementor-element-populated\">\n\t\t\t\t\t\t\t<div class=\"elementor-widget-wrap\">\n\t\t\t\t\t\t<div class=\"elementor-element elementor-element-244aa578 elementor-widget elementor-widget-text-editor\" data-id=\"244aa578\" data-element_type=\"widget\" data-widget_type=\"text-editor.default\">\n\t\t\t\t<div class=\"elementor-widget-container\">\n\t\t\t\t\t<div class=\"elementor-text-editor elementor-clearfix\"><p>Entidad que tiene gran trascendencia en el desarrollo de la prevenci\u00f3n de accidentes tecnol\u00f3gicos industriales.<\/p><p>Este sitio opera bajo la modalidad de un centro de respuesta telef\u00f3nica las 24 horas todos los d\u00edas del a\u00f1o y permite a las empresas, las autoridades, los grupos de respuesta a emergencias y a la comunidad, recibir informaci\u00f3n t\u00e9cnica y detallada sobre cualquier producto qu\u00edmico que se vea involucrado en un siniestro y da indicaciones respecto de las acciones a seguir para controlar la situaci\u00f3n provocada.<\/p><\/div>\n\t\t\t\t<\/div>\n\t\t\t\t<\/div>\n\t\t\t\t<div class=\"elementor-element elementor-element-3d5accff elementor-widget elementor-widget-text-editor\" data-id=\"3d5accff\" data-element_type=\"widget\" data-widget_type=\"text-editor.default\">\n\t\t\t\t<div class=\"elementor-widget-container\">\n\t\t\t\t\t<div class=\"elementor-text-editor elementor-clearfix\"><ul><li>Equipado con dispositivos para grabar o procedimientos para registrar las comunicaciones.<\/li><li>Dotado de operadores calificados las 24 hrs. \/ d\u00eda, 365 d\u00edas \/ a\u00f1o, con conocimientos de productos qu\u00edmicos y destreza en el manejo de informaciones disponibles (Base de Datos, Gu\u00eda DOT, HDS, etc.) con posibilidades de contacto permanente con especialistas para consultas y coordinaci\u00f3n.<\/li><li>Base de datos de Hojas de Seguridad \u2013 MSDS de las empresas adheridas y otras.<\/li><\/ul><\/div>\n\t\t\t\t<\/div>\n\t\t\t\t<\/div>\n\t\t\t\t<div class=\"elementor-element elementor-element-74cd13e8 elementor-widget elementor-widget-text-editor\" data-id=\"74cd13e8\" data-element_type=\"widget\" data-widget_type=\"text-editor.default\">\n\t\t\t\t<div class=\"elementor-widget-container\">\n\t\t\t\t\t<div class=\"elementor-text-editor elementor-clearfix\"><p>En caso de ser necesario los especialistas del centro contactar\u00e1n al personal de DYNAL para obtener apoyo y consultor\u00eda.<\/p><\/div>\n\t\t\t\t<\/div>\n\t\t\t\t<\/div>\n\t\t\t\t\t\t<\/div>\n\t\t\t\t\t<\/div>\n\t\t<\/div>\n\t\t\t\t\t\t\t\t<\/div>\n\t\t\t\t\t<\/div>\n\t\t<\/section>\n\t\t\t\t<section class=\"elementor-section elementor-top-section elementor-element elementor-element-73382bbc elementor-section-boxed elementor-section-height-default elementor-section-height-default\" data-id=\"73382bbc\" data-element_type=\"section\">\n\t\t\t\t\t\t<div class=\"elementor-container elementor-column-gap-default\">\n\t\t\t\t\t\t\t<div class=\"elementor-row\">\n\t\t\t\t\t<div class=\"elementor-column elementor-col-50 elementor-top-column elementor-element elementor-element-694007bc\" data-id=\"694007bc\" data-element_type=\"column\">\n\t\t\t<div class=\"elementor-column-wrap elementor-element-populated\">\n\t\t\t\t\t\t\t<div class=\"elementor-widget-wrap\">\n\t\t\t\t\t\t<div class=\"elementor-element elementor-element-f9dfa54 elementor-widget elementor-widget-heading\" data-id=\"f9dfa54\" data-element_type=\"widget\" data-widget_type=\"heading.default\">\n\t\t\t\t<div class=\"elementor-widget-container\">\n\t\t\t<h2 class=\"elementor-heading-title elementor-size-default\">Tel\u00e9fonos de Emergencia<\/h2>\t\t<\/div>\n\t\t\t\t<\/div>\n\t\t\t\t<div class=\"elementor-element elementor-element-5af9ba46 elementor-widget elementor-widget-text-editor\" data-id=\"5af9ba46\" data-element_type=\"widget\" data-widget_type=\"text-editor.default\">\n\t\t\t\t<div class=\"elementor-widget-container\">\n\t\t\t\t\t<div class=\"elementor-text-editor elementor-clearfix\"><p><strong>Si es por Emergencia Toxicol\u00f3gica:<\/strong>\u00a0 56-2-26353800<br \/><strong>Si es por Emergencia Qu\u00edmica:\u00a0<\/strong>\u00a0 \u00a0 \u00a0 \u00a056-2-22473600<\/p><\/div>\n\t\t\t\t<\/div>\n\t\t\t\t<\/div>\n\t\t\t\t\t\t<\/div>\n\t\t\t\t\t<\/div>\n\t\t<\/div>\n\t\t\t\t<div class=\"elementor-column elementor-col-50 elementor-top-column elementor-element elementor-element-450b5fd2\" data-id=\"450b5fd2\" data-element_type=\"column\">\n\t\t\t<div class=\"elementor-column-wrap elementor-element-populated\">\n\t\t\t\t\t\t\t<div class=\"elementor-widget-wrap\">\n\t\t\t\t\t\t<div class=\"elementor-element elementor-element-14236539 elementor-widget elementor-widget-image\" data-id=\"14236539\" data-element_type=\"widget\" data-widget_type=\"image.default\">\n\t\t\t\t<div class=\"elementor-widget-container\">\n\t\t\t\t\t<div class=\"elementor-image\">\n\t\t\t\t\t\t\t\t\t\t<img loading=\"lazy\" decoding=\"async\" width=\"300\" height=\"105\" src=\"https:\/\/www.dynal.cl\/pavimentacion\/wp-content\/uploads\/2020\/12\/Logo-CITUC-300x105-1.jpg\" class=\"attachment-large size-large\" alt=\"\" \/>\t\t\t\t\t\t\t\t\t\t\t<\/div>\n\t\t\t\t<\/div>\n\t\t\t\t<\/div>\n\t\t\t\t\t\t<\/div>\n\t\t\t\t\t<\/div>\n\t\t<\/div>\n\t\t\t\t\t\t\t\t<\/div>\n\t\t\t\t\t<\/div>\n\t\t<\/section>\n\t\t\t\t<section class=\"elementor-section elementor-top-section elementor-element elementor-element-65bab810 elementor-section-boxed elementor-section-height-default elementor-section-height-default\" data-id=\"65bab810\" data-element_type=\"section\">\n\t\t\t\t\t\t<div class=\"elementor-container elementor-column-gap-default\">\n\t\t\t\t\t\t\t<div class=\"elementor-row\">\n\t\t\t\t\t<div class=\"elementor-column elementor-col-100 elementor-top-column elementor-element elementor-element-6bb5a91a\" data-id=\"6bb5a91a\" data-element_type=\"column\">\n\t\t\t<div class=\"elementor-column-wrap elementor-element-populated\">\n\t\t\t\t\t\t\t<div class=\"elementor-widget-wrap\">\n\t\t\t\t\t\t<div class=\"elementor-element elementor-element-48f4707f elementor-widget-divider--view-line elementor-widget elementor-widget-divider\" data-id=\"48f4707f\" data-element_type=\"widget\" data-widget_type=\"divider.default\">\n\t\t\t\t<div class=\"elementor-widget-container\">\n\t\t\t\t\t<div class=\"elementor-divider\">\n\t\t\t<span class=\"elementor-divider-separator\">\n\t\t\t\t\t\t<\/span>\n\t\t<\/div>\n\t\t\t\t<\/div>\n\t\t\t\t<\/div>\n\t\t\t\t\t\t<\/div>\n\t\t\t\t\t<\/div>\n\t\t<\/div>\n\t\t\t\t\t\t\t\t<\/div>\n\t\t\t\t\t<\/div>\n\t\t<\/section>\n\t\t\t\t<section class=\"elementor-section elementor-top-section elementor-element elementor-element-c83f61c elementor-section-boxed elementor-section-height-default elementor-section-height-default\" data-id=\"c83f61c\" data-element_type=\"section\">\n\t\t\t\t\t\t<div class=\"elementor-container elementor-column-gap-default\">\n\t\t\t\t\t\t\t<div class=\"elementor-row\">\n\t\t\t\t\t<div class=\"elementor-column elementor-col-50 elementor-top-column elementor-element elementor-element-afa35d\" data-id=\"afa35d\" data-element_type=\"column\">\n\t\t\t<div class=\"elementor-column-wrap elementor-element-populated\">\n\t\t\t\t\t\t\t<div class=\"elementor-widget-wrap\">\n\t\t\t\t\t\t<div class=\"elementor-element elementor-element-2436ce88 elementor-widget elementor-widget-heading\" data-id=\"2436ce88\" data-element_type=\"widget\" data-widget_type=\"heading.default\">\n\t\t\t\t<div class=\"elementor-widget-container\">\n\t\t\t<h2 class=\"elementor-heading-title elementor-size-default\">Conducta Responsable\n<\/h2>\t\t<\/div>\n\t\t\t\t<\/div>\n\t\t\t\t<div class=\"elementor-element elementor-element-25371f46 elementor-widget elementor-widget-text-editor\" data-id=\"25371f46\" data-element_type=\"widget\" data-widget_type=\"text-editor.default\">\n\t\t\t\t<div class=\"elementor-widget-container\">\n\t\t\t\t\t<div class=\"elementor-text-editor elementor-clearfix\"><p>Conducta Responsable es el compromiso voluntario por el cual DYNAL se obliga a realizar esfuerzos permanentes para perfeccionar los procesos de producci\u00f3n, manejo, distribuci\u00f3n, uso y disposici\u00f3n de sus productos, con el objeto de obtener las mejores condiciones de salud y seguridad para las personas y la m\u00e1s adecuada protecci\u00f3n del medio ambiente y de los bienes de la comunidad.<\/p><\/div>\n\t\t\t\t<\/div>\n\t\t\t\t<\/div>\n\t\t\t\t\t\t<\/div>\n\t\t\t\t\t<\/div>\n\t\t<\/div>\n\t\t\t\t<div class=\"elementor-column elementor-col-50 elementor-top-column elementor-element elementor-element-6173bda7\" data-id=\"6173bda7\" data-element_type=\"column\">\n\t\t\t<div class=\"elementor-column-wrap elementor-element-populated\">\n\t\t\t\t\t\t\t<div class=\"elementor-widget-wrap\">\n\t\t\t\t\t\t<div class=\"elementor-element elementor-element-3a21373f elementor-widget elementor-widget-image\" data-id=\"3a21373f\" data-element_type=\"widget\" data-widget_type=\"image.default\">\n\t\t\t\t<div class=\"elementor-widget-container\">\n\t\t\t\t\t<div class=\"elementor-image\">\n\t\t\t\t\t\t\t\t\t\t<img loading=\"lazy\" decoding=\"async\" width=\"300\" height=\"300\" src=\"https:\/\/www.dynal.cl\/pavimentacion\/wp-content\/uploads\/2020\/12\/Conducta-Responsable-Dynal.jpg\" class=\"attachment-large size-large\" alt=\"\" srcset=\"https:\/\/www.dynal.cl\/pavimentacion\/wp-content\/uploads\/2020\/12\/Conducta-Responsable-Dynal.jpg 300w, https:\/\/www.dynal.cl\/pavimentacion\/wp-content\/uploads\/2020\/12\/Conducta-Responsable-Dynal-150x150.jpg 150w\" sizes=\"(max-width: 300px) 100vw, 300px\" \/>\t\t\t\t\t\t\t\t\t\t\t<\/div>\n\t\t\t\t<\/div>\n\t\t\t\t<\/div>\n\t\t\t\t\t\t<\/div>\n\t\t\t\t\t<\/div>\n\t\t<\/div>\n\t\t\t\t\t\t\t\t<\/div>\n\t\t\t\t\t<\/div>\n\t\t<\/section>\n\t\t\t\t<section class=\"elementor-section elementor-top-section elementor-element elementor-element-62838785 elementor-section-boxed elementor-section-height-default elementor-section-height-default\" data-id=\"62838785\" data-element_type=\"section\">\n\t\t\t\t\t\t<div class=\"elementor-container elementor-column-gap-default\">\n\t\t\t\t\t\t\t<div class=\"elementor-row\">\n\t\t\t\t\t<div class=\"elementor-column elementor-col-100 elementor-top-column elementor-element elementor-element-1bf2cdd8\" data-id=\"1bf2cdd8\" data-element_type=\"column\">\n\t\t\t<div class=\"elementor-column-wrap elementor-element-populated\">\n\t\t\t\t\t\t\t<div class=\"elementor-widget-wrap\">\n\t\t\t\t\t\t<div class=\"elementor-element elementor-element-21014597 elementor-widget elementor-widget-text-editor\" data-id=\"21014597\" data-element_type=\"widget\" data-widget_type=\"text-editor.default\">\n\t\t\t\t<div class=\"elementor-widget-container\">\n\t\t\t\t\t<div class=\"elementor-text-editor elementor-clearfix\"><p>Esta iniciativa, que comenz\u00f3 en Canad\u00e1 en el a\u00f1o 1986 bajo el nombre de Responsible Care, est\u00e1 siendo adoptada por la industria qu\u00edmica del mundo y es administrada a nivel nacional por las Asociaciones de Industriales Qu\u00edmicos de cada pa\u00eds, como por ejemplo, en Canad\u00e1 por CCA, en EE.UU. por ACC, en Europa por CEFIC, en M\u00e9xico por ANIQ, etc.<\/p><p>Conducta Responsable se gestiona en Chile por ASIQUIM A.G. y para su implementaci\u00f3n cuenta desde 1997 con la colaboraci\u00f3n de la Asociaci\u00f3n Chilena de Seguridad (ACHS) gracias a un Convenio suscrito ese a\u00f1o entre ambas entidades. Las funciones de ASIQUIM son las siguientes:<\/p><\/div>\n\t\t\t\t<\/div>\n\t\t\t\t<\/div>\n\t\t\t\t<div class=\"elementor-element elementor-element-1474f6ca elementor-widget elementor-widget-text-editor\" data-id=\"1474f6ca\" data-element_type=\"widget\" data-widget_type=\"text-editor.default\">\n\t\t\t\t<div class=\"elementor-widget-container\">\n\t\t\t\t\t<div class=\"elementor-text-editor elementor-clearfix\"><ul><li>Promover la adopci\u00f3n e implementaci\u00f3n<\/li><li>Preparar material de apoyo<\/li><li>Evaluar y supervisar la implementaci\u00f3n<\/li><li>Informar los avances<\/li><\/ul><\/div>\n\t\t\t\t<\/div>\n\t\t\t\t<\/div>\n\t\t\t\t<div class=\"elementor-element elementor-element-7da1fdee elementor-widget elementor-widget-text-editor\" data-id=\"7da1fdee\" data-element_type=\"widget\" data-widget_type=\"text-editor.default\">\n\t\t\t\t<div class=\"elementor-widget-container\">\n\t\t\t\t\t<div class=\"elementor-text-editor elementor-clearfix\"><p>Las empresas qu\u00edmicas y asociaciones industriales qu\u00edmicas del mundo adheridas a Responsible Care utilizan un logotipo com\u00fan para demostrar su compromiso con dicha \u00e9tica.<\/p><\/div>\n\t\t\t\t<\/div>\n\t\t\t\t<\/div>\n\t\t\t\t<div class=\"elementor-element elementor-element-69e2476b elementor-widget elementor-widget-heading\" data-id=\"69e2476b\" data-element_type=\"widget\" data-widget_type=\"heading.default\">\n\t\t\t\t<div class=\"elementor-widget-container\">\n\t\t\t<h2 class=\"elementor-heading-title elementor-size-default\">Principios base\n<\/h2>\t\t<\/div>\n\t\t\t\t<\/div>\n\t\t\t\t<div class=\"elementor-element elementor-element-3d31362d elementor-widget elementor-widget-text-editor\" data-id=\"3d31362d\" data-element_type=\"widget\" data-widget_type=\"text-editor.default\">\n\t\t\t\t<div class=\"elementor-widget-container\">\n\t\t\t\t\t<div class=\"elementor-text-editor elementor-clearfix\"><p>Las empresas que adhieren a Conducta Responsable se comprometen a desarrollar un esfuerzo continuo en el manejo responsable de sus actividades de acuerdo a los 6 principios b\u00e1sicos:<\/p><\/div>\n\t\t\t\t<\/div>\n\t\t\t\t<\/div>\n\t\t\t\t\t\t<\/div>\n\t\t\t\t\t<\/div>\n\t\t<\/div>\n\t\t\t\t\t\t\t\t<\/div>\n\t\t\t\t\t<\/div>\n\t\t<\/section>\n\t\t\t\t<section class=\"elementor-section elementor-top-section elementor-element elementor-element-69fe5dee elementor-section-boxed elementor-section-height-default elementor-section-height-default\" data-id=\"69fe5dee\" data-element_type=\"section\">\n\t\t\t\t\t\t<div class=\"elementor-container elementor-column-gap-default\">\n\t\t\t\t\t\t\t<div class=\"elementor-row\">\n\t\t\t\t\t<div class=\"elementor-column elementor-col-100 elementor-top-column elementor-element elementor-element-67b9c6e3\" data-id=\"67b9c6e3\" data-element_type=\"column\">\n\t\t\t<div class=\"elementor-column-wrap elementor-element-populated\">\n\t\t\t\t\t\t\t<div class=\"elementor-widget-wrap\">\n\t\t\t\t\t\t<div class=\"elementor-element elementor-element-776aaedf elementor-widget elementor-widget-text-editor\" data-id=\"776aaedf\" data-element_type=\"widget\" data-widget_type=\"text-editor.default\">\n\t\t\t\t<div class=\"elementor-widget-container\">\n\t\t\t\t\t<div class=\"elementor-text-editor elementor-clearfix\"><ol><li>Mejorar continuamente el conocimiento del ambiente, la salud y la seguridad, mejorar el desempe\u00f1o de las tecnolog\u00edas, procesos y productos a trav\u00e9s de todo su ciclo de vida, para evitar da\u00f1os a las personas y al medio ambiente.<\/li><li>Usar eficientemente los recursos y minimizar los desechos<\/li><li>Informar abiertamente acerca del desempe\u00f1o, los logros y las deficiencias<\/li><li>Escuchar, integrarse y trabajar con la comunidad para entender y considerar sus preocupaciones y expectativas<\/li><li>Cooperar con el estado y con otras organizaciones, en el desarrollo e implementaci\u00f3n de legislaci\u00f3n y est\u00e1ndares eficientes, cumpli\u00e9ndolos y en lo posible sobrepasar sus exigencias<\/li><li>Proveer ayuda y asesoramiento para promover la gesti\u00f3n responsable de los productos qu\u00edmicos a todos los que los usan y manejan a lo largo de la cadena del producto.<\/li><\/ol><\/div>\n\t\t\t\t<\/div>\n\t\t\t\t<\/div>\n\t\t\t\t\t\t<\/div>\n\t\t\t\t\t<\/div>\n\t\t<\/div>\n\t\t\t\t\t\t\t\t<\/div>\n\t\t\t\t\t<\/div>\n\t\t<\/section>\n\t\t\t\t<section class=\"elementor-section elementor-top-section elementor-element elementor-element-bae8c1b elementor-section-boxed elementor-section-height-default elementor-section-height-default\" data-id=\"bae8c1b\" data-element_type=\"section\">\n\t\t\t\t\t\t<div class=\"elementor-container elementor-column-gap-default\">\n\t\t\t\t\t\t\t<div class=\"elementor-row\">\n\t\t\t\t\t<div class=\"elementor-column elementor-col-100 elementor-top-column elementor-element elementor-element-3342cdf\" data-id=\"3342cdf\" data-element_type=\"column\">\n\t\t\t<div class=\"elementor-column-wrap elementor-element-populated\">\n\t\t\t\t\t\t\t<div class=\"elementor-widget-wrap\">\n\t\t\t\t\t\t<div class=\"elementor-element elementor-element-5dc42ba elementor-widget-divider--view-line elementor-widget elementor-widget-divider\" data-id=\"5dc42ba\" data-element_type=\"widget\" data-widget_type=\"divider.default\">\n\t\t\t\t<div class=\"elementor-widget-container\">\n\t\t\t\t\t<div class=\"elementor-divider\">\n\t\t\t<span class=\"elementor-divider-separator\">\n\t\t\t\t\t\t<\/span>\n\t\t<\/div>\n\t\t\t\t<\/div>\n\t\t\t\t<\/div>\n\t\t\t\t\t\t<\/div>\n\t\t\t\t\t<\/div>\n\t\t<\/div>\n\t\t\t\t\t\t\t\t<\/div>\n\t\t\t\t\t<\/div>\n\t\t<\/section>\n\t\t\t\t<section class=\"elementor-section elementor-top-section elementor-element elementor-element-2cb10b0d elementor-section-boxed elementor-section-height-default elementor-section-height-default\" data-id=\"2cb10b0d\" data-element_type=\"section\">\n\t\t\t\t\t\t<div class=\"elementor-container elementor-column-gap-default\">\n\t\t\t\t\t\t\t<div class=\"elementor-row\">\n\t\t\t\t\t<div class=\"elementor-column elementor-col-100 elementor-top-column elementor-element elementor-element-74771ac6\" data-id=\"74771ac6\" data-element_type=\"column\">\n\t\t\t<div class=\"elementor-column-wrap elementor-element-populated\">\n\t\t\t\t\t\t\t<div class=\"elementor-widget-wrap\">\n\t\t\t\t\t\t<div class=\"elementor-element elementor-element-5b110451 elementor-widget elementor-widget-heading\" data-id=\"5b110451\" data-element_type=\"widget\" data-widget_type=\"heading.default\">\n\t\t\t\t<div class=\"elementor-widget-container\">\n\t\t\t<h2 class=\"elementor-heading-title elementor-size-default\">Seguridad Laboral\n<\/h2>\t\t<\/div>\n\t\t\t\t<\/div>\n\t\t\t\t<div class=\"elementor-element elementor-element-3b9a2633 elementor-widget elementor-widget-heading\" data-id=\"3b9a2633\" data-element_type=\"widget\" data-widget_type=\"heading.default\">\n\t\t\t\t<div class=\"elementor-widget-container\">\n\t\t\t<h2 class=\"elementor-heading-title elementor-size-default\">Premio \u201cDestacada Acci\u00f3n Preventiva 2009\u201d\n<\/h2>\t\t<\/div>\n\t\t\t\t<\/div>\n\t\t\t\t<div class=\"elementor-element elementor-element-4f906903 elementor-widget elementor-widget-text-editor\" data-id=\"4f906903\" data-element_type=\"widget\" data-widget_type=\"text-editor.default\">\n\t\t\t\t<div class=\"elementor-widget-container\">\n\t\t\t\t\t<div class=\"elementor-text-editor elementor-clearfix\"><p>En reconocimiento al constante esfuerzo de Dynal Industrial S.A. por la seguridad de sus trabajadores, la Asociaci\u00f3n Chilena de Seguridad distingui\u00f3 a la empresa en el 2009 con el reconocimiento\u00a0<strong>\u201cDestacada Acci\u00f3n Preventiva 2009\u201d.<\/strong><\/p><p>Dynal se enorgullece de promover una politica de trabajo seguro entre todos sus colaboradores.<\/p><\/div>\n\t\t\t\t<\/div>\n\t\t\t\t<\/div>\n\t\t\t\t\t\t<\/div>\n\t\t\t\t\t<\/div>\n\t\t<\/div>\n\t\t\t\t\t\t\t\t<\/div>\n\t\t\t\t\t<\/div>\n\t\t<\/section>\n\t\t\t\t\t\t<\/div>\n\t\t\t\t\t\t<\/div>\n\t\t\t\t\t<\/div>\n\t\t","protected":false},"excerpt":{"rendered":"<p>Responsabilidad Social Empresarial (RSE) DYNAL participa en el financiamiento y colaborando para el desarrollo del Centro de Informaci\u00f3n Toxicol\u00f3gica (CITUC)\u00a0www.cituc.cl\u00a0de la Pontificia Universidad Cat\u00f3lica de Chile permitiendo disponer de informaci\u00f3n actualizada para atender Emergencias Toxicol\u00f3gicas y Emergencias Qu\u00edmicas asociadas a sus productos con el objetivo de salvar vidas a trav\u00e9s de consejos valiosos y oportunos. [&hellip;]<\/p>\n","protected":false},"author":1,"featured_media":0,"parent":0,"menu_order":0,"comment_status":"closed","ping_status":"closed","template":"","meta":{"footnotes":""},"_links":{"self":[{"href":"https:\/\/www.dynal.cl\/pavimentacion\/wp-json\/wp\/v2\/pages\/35"}],"collection":[{"href":"https:\/\/www.dynal.cl\/pavimentacion\/wp-json\/wp\/v2\/pages"}],"about":[{"href":"https:\/\/www.dynal.cl\/pavimentacion\/wp-json\/wp\/v2\/types\/page"}],"author":[{"embeddable":true,"href":"https:\/\/www.dynal.cl\/pavimentacion\/wp-json\/wp\/v2\/users\/1"}],"replies":[{"embeddable":true,"href":"https:\/\/www.dynal.cl\/pavimentacion\/wp-json\/wp\/v2\/comments?post=35"}],"version-history":[{"count":7,"href":"https:\/\/www.dynal.cl\/pavimentacion\/wp-json\/wp\/v2\/pages\/35\/revisions"}],"predecessor-version":[{"id":207,"href":"https:\/\/www.dynal.cl\/pavimentacion\/wp-json\/wp\/v2\/pages\/35\/revisions\/207"}],"wp:attachment":[{"href":"https:\/\/www.dynal.cl\/pavimentacion\/wp-json\/wp\/v2\/media?parent=35"}],"curies":[{"name":"wp","href":"https:\/\/api.w.org\/{rel}","templated":true}]}}