{"id":30,"date":"2020-12-01T18:31:05","date_gmt":"2020-12-01T18:31:05","guid":{"rendered":"https:\/\/www.dynal.cl\/industrial\/?page_id=30"},"modified":"2020-12-02T00:42:07","modified_gmt":"2020-12-02T00:42:07","slug":"representaciones","status":"publish","type":"page","link":"https:\/\/www.dynal.cl\/industrial\/representaciones\/","title":{"rendered":"Representaciones"},"content":{"rendered":"\t\t<div data-elementor-type=\"wp-page\" data-elementor-id=\"30\" class=\"elementor elementor-30\" data-elementor-settings=\"[]\">\n\t\t\t\t\t\t<div class=\"elementor-inner\">\n\t\t\t\t\t\t\t<div class=\"elementor-section-wrap\">\n\t\t\t\t\t\t\t<section class=\"elementor-section elementor-top-section elementor-element elementor-element-7eaba4d7 elementor-section-boxed elementor-section-height-default elementor-section-height-default\" data-id=\"7eaba4d7\" data-element_type=\"section\">\n\t\t\t\t\t\t<div class=\"elementor-container elementor-column-gap-default\">\n\t\t\t\t\t\t\t<div class=\"elementor-row\">\n\t\t\t\t\t<div class=\"elementor-column elementor-col-50 elementor-top-column elementor-element elementor-element-7f528cd4\" data-id=\"7f528cd4\" data-element_type=\"column\">\n\t\t\t<div class=\"elementor-column-wrap elementor-element-populated\">\n\t\t\t\t\t\t\t<div class=\"elementor-widget-wrap\">\n\t\t\t\t\t\t<div class=\"elementor-element elementor-element-6143c52d elementor-widget elementor-widget-image\" data-id=\"6143c52d\" data-element_type=\"widget\" data-widget_type=\"image.default\">\n\t\t\t\t<div class=\"elementor-widget-container\">\n\t\t\t\t\t<div class=\"elementor-image\">\n\t\t\t\t\t\t\t\t\t\t\t<a href=\"https:\/\/crafco.com\/\" target=\"_blank\">\n\t\t\t\t\t\t\t<img loading=\"lazy\" decoding=\"async\" width=\"200\" height=\"200\" src=\"https:\/\/www.dynal.cl\/industrial\/wp-content\/uploads\/2020\/12\/Logo-Crafco.jpg\" class=\"attachment-large size-large\" alt=\"\" srcset=\"https:\/\/www.dynal.cl\/industrial\/wp-content\/uploads\/2020\/12\/Logo-Crafco.jpg 200w, https:\/\/www.dynal.cl\/industrial\/wp-content\/uploads\/2020\/12\/Logo-Crafco-150x150.jpg 150w\" sizes=\"(max-width: 200px) 100vw, 200px\" \/>\t\t\t\t\t\t\t\t<\/a>\n\t\t\t\t\t\t\t\t\t\t\t<\/div>\n\t\t\t\t<\/div>\n\t\t\t\t<\/div>\n\t\t\t\t\t\t<\/div>\n\t\t\t\t\t<\/div>\n\t\t<\/div>\n\t\t\t\t<div class=\"elementor-column elementor-col-50 elementor-top-column elementor-element elementor-element-d94a46\" data-id=\"d94a46\" data-element_type=\"column\">\n\t\t\t<div class=\"elementor-column-wrap elementor-element-populated\">\n\t\t\t\t\t\t\t<div class=\"elementor-widget-wrap\">\n\t\t\t\t\t\t<div class=\"elementor-element elementor-element-11f61004 elementor-widget elementor-widget-text-editor\" data-id=\"11f61004\" data-element_type=\"widget\" data-widget_type=\"text-editor.default\">\n\t\t\t\t<div class=\"elementor-widget-container\">\n\t\t\t\t\t<div class=\"elementor-text-editor elementor-clearfix\"><p>Productos para Preservaci\u00f3n de Pavimentos y Conservaci\u00f3n Vial. Equipos de aplicaci\u00f3n: Selladoras, Ruteadoras, Bacheadoras. Sellos para Juntas y Grietas, Geocompuestos, Productos para Bacheo y Reparaci\u00f3n. Superficies de Alta Fricci\u00f3n.<\/p><\/div>\n\t\t\t\t<\/div>\n\t\t\t\t<\/div>\n\t\t\t\t\t\t<\/div>\n\t\t\t\t\t<\/div>\n\t\t<\/div>\n\t\t\t\t\t\t\t\t<\/div>\n\t\t\t\t\t<\/div>\n\t\t<\/section>\n\t\t\t\t<section class=\"elementor-section elementor-top-section elementor-element elementor-element-3b811274 elementor-section-boxed elementor-section-height-default elementor-section-height-default\" data-id=\"3b811274\" data-element_type=\"section\">\n\t\t\t\t\t\t<div class=\"elementor-container elementor-column-gap-default\">\n\t\t\t\t\t\t\t<div class=\"elementor-row\">\n\t\t\t\t\t<div class=\"elementor-column elementor-col-50 elementor-top-column elementor-element elementor-element-4fdf2714\" data-id=\"4fdf2714\" data-element_type=\"column\">\n\t\t\t<div class=\"elementor-column-wrap elementor-element-populated\">\n\t\t\t\t\t\t\t<div class=\"elementor-widget-wrap\">\n\t\t\t\t\t\t<div class=\"elementor-element elementor-element-163b54b8 elementor-widget elementor-widget-image\" data-id=\"163b54b8\" data-element_type=\"widget\" data-widget_type=\"image.default\">\n\t\t\t\t<div class=\"elementor-widget-container\">\n\t\t\t\t\t<div class=\"elementor-image\">\n\t\t\t\t\t\t\t\t\t\t\t<a href=\"https:\/\/www.danosa.com\/\" target=\"_blank\">\n\t\t\t\t\t\t\t<img loading=\"lazy\" decoding=\"async\" width=\"200\" height=\"200\" src=\"https:\/\/www.dynal.cl\/industrial\/wp-content\/uploads\/2020\/12\/Logo-Danosa.jpg\" class=\"attachment-large size-large\" alt=\"\" srcset=\"https:\/\/www.dynal.cl\/industrial\/wp-content\/uploads\/2020\/12\/Logo-Danosa.jpg 200w, https:\/\/www.dynal.cl\/industrial\/wp-content\/uploads\/2020\/12\/Logo-Danosa-150x150.jpg 150w\" sizes=\"(max-width: 200px) 100vw, 200px\" \/>\t\t\t\t\t\t\t\t<\/a>\n\t\t\t\t\t\t\t\t\t\t\t<\/div>\n\t\t\t\t<\/div>\n\t\t\t\t<\/div>\n\t\t\t\t\t\t<\/div>\n\t\t\t\t\t<\/div>\n\t\t<\/div>\n\t\t\t\t<div class=\"elementor-column elementor-col-50 elementor-top-column elementor-element elementor-element-31ffb3ff\" data-id=\"31ffb3ff\" data-element_type=\"column\">\n\t\t\t<div class=\"elementor-column-wrap elementor-element-populated\">\n\t\t\t\t\t\t\t<div class=\"elementor-widget-wrap\">\n\t\t\t\t\t\t<div class=\"elementor-element elementor-element-7b74a9c5 elementor-widget elementor-widget-text-editor\" data-id=\"7b74a9c5\" data-element_type=\"widget\" data-widget_type=\"text-editor.default\">\n\t\t\t\t<div class=\"elementor-widget-container\">\n\t\t\t\t\t<div class=\"elementor-text-editor elementor-clearfix\"><p>Laminas Drenantes Danodren\u00ae. L\u00e1minas sint\u00e9ticas de PVC Danopol\u00ae fabricadas mediante calandrado en dos capas y reforzada con diferentes tipos de armadura para cubiertas e impermeabilizaci\u00f3n subterr\u00e1nea y t\u00faneles. Norma CE. Impermeabilizantes Liquidos de Poliuretano Danopur\u00ae y Poliureas Danocoat\u00ae. Aislamientos T\u00e9rmicos de Poliestireno Extruido (XPS) Danopren\u00ae. Aislamientos T\u00e9rmicos Transitables Danolosa\u00ae. Claraboyas para cubiertas Industriales y Comerciales.<\/p><\/div>\n\t\t\t\t<\/div>\n\t\t\t\t<\/div>\n\t\t\t\t\t\t<\/div>\n\t\t\t\t\t<\/div>\n\t\t<\/div>\n\t\t\t\t\t\t\t\t<\/div>\n\t\t\t\t\t<\/div>\n\t\t<\/section>\n\t\t\t\t<section class=\"elementor-section elementor-top-section elementor-element elementor-element-553c605b elementor-section-boxed elementor-section-height-default elementor-section-height-default\" data-id=\"553c605b\" data-element_type=\"section\">\n\t\t\t\t\t\t<div class=\"elementor-container elementor-column-gap-default\">\n\t\t\t\t\t\t\t<div class=\"elementor-row\">\n\t\t\t\t\t<div class=\"elementor-column elementor-col-50 elementor-top-column elementor-element elementor-element-581e5702\" data-id=\"581e5702\" data-element_type=\"column\">\n\t\t\t<div class=\"elementor-column-wrap elementor-element-populated\">\n\t\t\t\t\t\t\t<div class=\"elementor-widget-wrap\">\n\t\t\t\t\t\t<div class=\"elementor-element elementor-element-3910f40c elementor-widget elementor-widget-image\" data-id=\"3910f40c\" data-element_type=\"widget\" data-widget_type=\"image.default\">\n\t\t\t\t<div class=\"elementor-widget-container\">\n\t\t\t\t\t<div class=\"elementor-image\">\n\t\t\t\t\t\t\t\t\t\t\t<a href=\"https:\/\/www.dorken.com\/en\/\" target=\"_blank\">\n\t\t\t\t\t\t\t<img loading=\"lazy\" decoding=\"async\" width=\"200\" height=\"200\" src=\"https:\/\/www.dynal.cl\/industrial\/wp-content\/uploads\/2020\/12\/Logo-Delta.jpg\" class=\"attachment-large size-large\" alt=\"\" srcset=\"https:\/\/www.dynal.cl\/industrial\/wp-content\/uploads\/2020\/12\/Logo-Delta.jpg 200w, https:\/\/www.dynal.cl\/industrial\/wp-content\/uploads\/2020\/12\/Logo-Delta-150x150.jpg 150w\" sizes=\"(max-width: 200px) 100vw, 200px\" \/>\t\t\t\t\t\t\t\t<\/a>\n\t\t\t\t\t\t\t\t\t\t\t<\/div>\n\t\t\t\t<\/div>\n\t\t\t\t<\/div>\n\t\t\t\t\t\t<\/div>\n\t\t\t\t\t<\/div>\n\t\t<\/div>\n\t\t\t\t<div class=\"elementor-column elementor-col-50 elementor-top-column elementor-element elementor-element-92f58c\" data-id=\"92f58c\" data-element_type=\"column\">\n\t\t\t<div class=\"elementor-column-wrap elementor-element-populated\">\n\t\t\t\t\t\t\t<div class=\"elementor-widget-wrap\">\n\t\t\t\t\t\t<div class=\"elementor-element elementor-element-19f52569 elementor-widget elementor-widget-text-editor\" data-id=\"19f52569\" data-element_type=\"widget\" data-widget_type=\"text-editor.default\">\n\t\t\t\t<div class=\"elementor-widget-container\">\n\t\t\t\t\t<div class=\"elementor-text-editor elementor-clearfix\"><p>L\u00e1minas Drenantes Delta\u00ae N\u00b0 1 de Norte Am\u00e9rica y Europa. Laminas Drenantes para drenaje de obras residenciales, comerciales, civiles y t\u00faneles. Barreras de Vapor, Membranas Hidr\u00f3fugas de Alto Est\u00e1ndar para muros y envolventes, Accesorios. Sistemas para Techos Verdes Delta\u00ae Garden Roof System.<\/p><\/div>\n\t\t\t\t<\/div>\n\t\t\t\t<\/div>\n\t\t\t\t\t\t<\/div>\n\t\t\t\t\t<\/div>\n\t\t<\/div>\n\t\t\t\t\t\t\t\t<\/div>\n\t\t\t\t\t<\/div>\n\t\t<\/section>\n\t\t\t\t<section class=\"elementor-section elementor-top-section elementor-element elementor-element-35f37798 elementor-section-boxed elementor-section-height-default elementor-section-height-default\" data-id=\"35f37798\" data-element_type=\"section\">\n\t\t\t\t\t\t<div class=\"elementor-container elementor-column-gap-default\">\n\t\t\t\t\t\t\t<div class=\"elementor-row\">\n\t\t\t\t\t<div class=\"elementor-column elementor-col-50 elementor-top-column elementor-element elementor-element-4169bb47\" data-id=\"4169bb47\" data-element_type=\"column\">\n\t\t\t<div class=\"elementor-column-wrap elementor-element-populated\">\n\t\t\t\t\t\t\t<div class=\"elementor-widget-wrap\">\n\t\t\t\t\t\t<div class=\"elementor-element elementor-element-480bdb6a elementor-widget elementor-widget-image\" data-id=\"480bdb6a\" data-element_type=\"widget\" data-widget_type=\"image.default\">\n\t\t\t\t<div class=\"elementor-widget-container\">\n\t\t\t\t\t<div class=\"elementor-image\">\n\t\t\t\t\t\t\t\t\t\t\t<a href=\"https:\/\/gcpat.com\/en\" target=\"_blank\">\n\t\t\t\t\t\t\t<img loading=\"lazy\" decoding=\"async\" width=\"200\" height=\"200\" src=\"https:\/\/www.dynal.cl\/industrial\/wp-content\/uploads\/2020\/12\/logo-gcp.jpg\" class=\"attachment-large size-large\" alt=\"\" srcset=\"https:\/\/www.dynal.cl\/industrial\/wp-content\/uploads\/2020\/12\/logo-gcp.jpg 200w, https:\/\/www.dynal.cl\/industrial\/wp-content\/uploads\/2020\/12\/logo-gcp-150x150.jpg 150w\" sizes=\"(max-width: 200px) 100vw, 200px\" \/>\t\t\t\t\t\t\t\t<\/a>\n\t\t\t\t\t\t\t\t\t\t\t<\/div>\n\t\t\t\t<\/div>\n\t\t\t\t<\/div>\n\t\t\t\t\t\t<\/div>\n\t\t\t\t\t<\/div>\n\t\t<\/div>\n\t\t\t\t<div class=\"elementor-column elementor-col-50 elementor-top-column elementor-element elementor-element-3ef4d192\" data-id=\"3ef4d192\" data-element_type=\"column\">\n\t\t\t<div class=\"elementor-column-wrap elementor-element-populated\">\n\t\t\t\t\t\t\t<div class=\"elementor-widget-wrap\">\n\t\t\t\t\t\t<div class=\"elementor-element elementor-element-4d813249 elementor-widget elementor-widget-text-editor\" data-id=\"4d813249\" data-element_type=\"widget\" data-widget_type=\"text-editor.default\">\n\t\t\t\t<div class=\"elementor-widget-container\">\n\t\t\t\t\t<div class=\"elementor-text-editor elementor-clearfix\"><p>Una empresa de tecnolog\u00eda de productos de construcci\u00f3n. Desarrollo de productos de alto rendimiento. Los aditivos cristalizadores Betec M5 son una soluci\u00f3n integral para los hormigones, haci\u00e9ndolos impermeables.<\/p><\/div>\n\t\t\t\t<\/div>\n\t\t\t\t<\/div>\n\t\t\t\t\t\t<\/div>\n\t\t\t\t\t<\/div>\n\t\t<\/div>\n\t\t\t\t\t\t\t\t<\/div>\n\t\t\t\t\t<\/div>\n\t\t<\/section>\n\t\t\t\t<section class=\"elementor-section elementor-top-section elementor-element elementor-element-46d65c96 elementor-section-boxed elementor-section-height-default elementor-section-height-default\" data-id=\"46d65c96\" data-element_type=\"section\">\n\t\t\t\t\t\t<div class=\"elementor-container elementor-column-gap-default\">\n\t\t\t\t\t\t\t<div class=\"elementor-row\">\n\t\t\t\t\t<div class=\"elementor-column elementor-col-50 elementor-top-column elementor-element elementor-element-72051c34\" data-id=\"72051c34\" data-element_type=\"column\">\n\t\t\t<div class=\"elementor-column-wrap elementor-element-populated\">\n\t\t\t\t\t\t\t<div class=\"elementor-widget-wrap\">\n\t\t\t\t\t\t<div class=\"elementor-element elementor-element-50ddcc22 elementor-widget elementor-widget-image\" data-id=\"50ddcc22\" data-element_type=\"widget\" data-widget_type=\"image.default\">\n\t\t\t\t<div class=\"elementor-widget-container\">\n\t\t\t\t\t<div class=\"elementor-image\">\n\t\t\t\t\t\t\t\t\t\t\t<a href=\"https:\/\/trocellen.com\/es\/\" target=\"_blank\">\n\t\t\t\t\t\t\t<img loading=\"lazy\" decoding=\"async\" width=\"200\" height=\"200\" src=\"https:\/\/www.dynal.cl\/industrial\/wp-content\/uploads\/2020\/12\/Logo-Trocellen.jpg\" class=\"attachment-large size-large\" alt=\"\" srcset=\"https:\/\/www.dynal.cl\/industrial\/wp-content\/uploads\/2020\/12\/Logo-Trocellen.jpg 200w, https:\/\/www.dynal.cl\/industrial\/wp-content\/uploads\/2020\/12\/Logo-Trocellen-150x150.jpg 150w\" sizes=\"(max-width: 200px) 100vw, 200px\" \/>\t\t\t\t\t\t\t\t<\/a>\n\t\t\t\t\t\t\t\t\t\t\t<\/div>\n\t\t\t\t<\/div>\n\t\t\t\t<\/div>\n\t\t\t\t\t\t<\/div>\n\t\t\t\t\t<\/div>\n\t\t<\/div>\n\t\t\t\t<div class=\"elementor-column elementor-col-50 elementor-top-column elementor-element elementor-element-2ff1816d\" data-id=\"2ff1816d\" data-element_type=\"column\">\n\t\t\t<div class=\"elementor-column-wrap elementor-element-populated\">\n\t\t\t\t\t\t\t<div class=\"elementor-widget-wrap\">\n\t\t\t\t\t\t<div class=\"elementor-element elementor-element-459fd9bd elementor-widget elementor-widget-text-editor\" data-id=\"459fd9bd\" data-element_type=\"widget\" data-widget_type=\"text-editor.default\">\n\t\t\t\t<div class=\"elementor-widget-container\">\n\t\t\t\t\t<div class=\"elementor-text-editor elementor-clearfix\"><p>Membranas de espuma de polietileno (PE) reticulado para impermeabilizaci\u00f3n y recuperaci\u00f3n de t\u00faneles de cara vista Trocellen\u00ae Tunel Clasificaci\u00f3n Fuego.<\/p><p>\u00a0<\/p><\/div>\n\t\t\t\t<\/div>\n\t\t\t\t<\/div>\n\t\t\t\t\t\t<\/div>\n\t\t\t\t\t<\/div>\n\t\t<\/div>\n\t\t\t\t\t\t\t\t<\/div>\n\t\t\t\t\t<\/div>\n\t\t<\/section>\n\t\t\t\t<section class=\"elementor-section elementor-top-section elementor-element elementor-element-5195d7f9 elementor-section-boxed elementor-section-height-default elementor-section-height-default\" data-id=\"5195d7f9\" data-element_type=\"section\">\n\t\t\t\t\t\t<div class=\"elementor-container elementor-column-gap-default\">\n\t\t\t\t\t\t\t<div class=\"elementor-row\">\n\t\t\t\t\t<div class=\"elementor-column elementor-col-50 elementor-top-column elementor-element elementor-element-11e84861\" data-id=\"11e84861\" data-element_type=\"column\">\n\t\t\t<div class=\"elementor-column-wrap elementor-element-populated\">\n\t\t\t\t\t\t\t<div class=\"elementor-widget-wrap\">\n\t\t\t\t\t\t<div class=\"elementor-element elementor-element-4cd2d2f2 elementor-widget elementor-widget-image\" data-id=\"4cd2d2f2\" data-element_type=\"widget\" data-widget_type=\"image.default\">\n\t\t\t\t<div class=\"elementor-widget-container\">\n\t\t\t\t\t<div class=\"elementor-image\">\n\t\t\t\t\t\t\t\t\t\t\t<a href=\"https:\/\/www.pagel.com\/ie\/gruppe.htm\" target=\"_blank\">\n\t\t\t\t\t\t\t<img loading=\"lazy\" decoding=\"async\" width=\"200\" height=\"200\" src=\"https:\/\/www.dynal.cl\/industrial\/wp-content\/uploads\/2020\/12\/Logo-Pagel.jpg\" class=\"attachment-large size-large\" alt=\"\" srcset=\"https:\/\/www.dynal.cl\/industrial\/wp-content\/uploads\/2020\/12\/Logo-Pagel.jpg 200w, https:\/\/www.dynal.cl\/industrial\/wp-content\/uploads\/2020\/12\/Logo-Pagel-150x150.jpg 150w\" sizes=\"(max-width: 200px) 100vw, 200px\" \/>\t\t\t\t\t\t\t\t<\/a>\n\t\t\t\t\t\t\t\t\t\t\t<\/div>\n\t\t\t\t<\/div>\n\t\t\t\t<\/div>\n\t\t\t\t\t\t<\/div>\n\t\t\t\t\t<\/div>\n\t\t<\/div>\n\t\t\t\t<div class=\"elementor-column elementor-col-50 elementor-top-column elementor-element elementor-element-632148d6\" data-id=\"632148d6\" data-element_type=\"column\">\n\t\t\t<div class=\"elementor-column-wrap elementor-element-populated\">\n\t\t\t\t\t\t\t<div class=\"elementor-widget-wrap\">\n\t\t\t\t\t\t<div class=\"elementor-element elementor-element-487dd1f1 elementor-widget elementor-widget-text-editor\" data-id=\"487dd1f1\" data-element_type=\"widget\" data-widget_type=\"text-editor.default\">\n\t\t\t\t<div class=\"elementor-widget-container\">\n\t\t\t\t\t<div class=\"elementor-text-editor elementor-clearfix\"><p>Grouts cementicios de precisi\u00f3n de extremadas altas prestaciones y morteros especiales para montaje de maquinaria de precisi\u00f3n, turbinas e\u00f3licas y otros. Grouts de anclaje e inyecci\u00f3n. Sistemas de reparaci\u00f3n y protecci\u00f3n de concreto.<\/p><\/div>\n\t\t\t\t<\/div>\n\t\t\t\t<\/div>\n\t\t\t\t\t\t<\/div>\n\t\t\t\t\t<\/div>\n\t\t<\/div>\n\t\t\t\t\t\t\t\t<\/div>\n\t\t\t\t\t<\/div>\n\t\t<\/section>\n\t\t\t\t<section class=\"elementor-section elementor-top-section elementor-element elementor-element-11ede041 elementor-section-boxed elementor-section-height-default elementor-section-height-default\" data-id=\"11ede041\" data-element_type=\"section\">\n\t\t\t\t\t\t<div class=\"elementor-container elementor-column-gap-default\">\n\t\t\t\t\t\t\t<div class=\"elementor-row\">\n\t\t\t\t\t<div class=\"elementor-column elementor-col-50 elementor-top-column elementor-element elementor-element-21aadba3\" data-id=\"21aadba3\" data-element_type=\"column\">\n\t\t\t<div class=\"elementor-column-wrap elementor-element-populated\">\n\t\t\t\t\t\t\t<div class=\"elementor-widget-wrap\">\n\t\t\t\t\t\t<div class=\"elementor-element elementor-element-5c238402 elementor-widget elementor-widget-image\" data-id=\"5c238402\" data-element_type=\"widget\" data-widget_type=\"image.default\">\n\t\t\t\t<div class=\"elementor-widget-container\">\n\t\t\t\t\t<div class=\"elementor-image\">\n\t\t\t\t\t\t\t\t\t\t\t<a href=\"http:\/\/www.zydexindustries.com\/waterproofingchemicals_enquirenow\/\" target=\"_blank\">\n\t\t\t\t\t\t\t<img loading=\"lazy\" decoding=\"async\" width=\"200\" height=\"200\" src=\"https:\/\/www.dynal.cl\/industrial\/wp-content\/uploads\/2020\/12\/Logo-Zydex.jpg\" class=\"attachment-large size-large\" alt=\"\" srcset=\"https:\/\/www.dynal.cl\/industrial\/wp-content\/uploads\/2020\/12\/Logo-Zydex.jpg 200w, https:\/\/www.dynal.cl\/industrial\/wp-content\/uploads\/2020\/12\/Logo-Zydex-150x150.jpg 150w\" sizes=\"(max-width: 200px) 100vw, 200px\" \/>\t\t\t\t\t\t\t\t<\/a>\n\t\t\t\t\t\t\t\t\t\t\t<\/div>\n\t\t\t\t<\/div>\n\t\t\t\t<\/div>\n\t\t\t\t\t\t<\/div>\n\t\t\t\t\t<\/div>\n\t\t<\/div>\n\t\t\t\t<div class=\"elementor-column elementor-col-50 elementor-top-column elementor-element elementor-element-96c520\" data-id=\"96c520\" data-element_type=\"column\">\n\t\t\t<div class=\"elementor-column-wrap elementor-element-populated\">\n\t\t\t\t\t\t\t<div class=\"elementor-widget-wrap\">\n\t\t\t\t\t\t<div class=\"elementor-element elementor-element-605c163d elementor-widget elementor-widget-text-editor\" data-id=\"605c163d\" data-element_type=\"widget\" data-widget_type=\"text-editor.default\">\n\t\t\t\t<div class=\"elementor-widget-container\">\n\t\t\t\t\t<div class=\"elementor-text-editor elementor-clearfix\"><p>Empresa dedicada a la Impermeabilizaci\u00f3n con Nanotecnolog\u00eda. Ofrece soluciones innovadoras basadas en impregnaci\u00f3n penetrativa nanomolecular basada en la qu\u00edmica de \u00f3rgano silanos que reaccionan con las estructuras impermeabiliz\u00e1ndolas en forma f\u00e1cil, r\u00e1pida y eficaz. Sistemas para estabilizaci\u00f3n y control de polvo para caminos.<\/p><\/div>\n\t\t\t\t<\/div>\n\t\t\t\t<\/div>\n\t\t\t\t\t\t<\/div>\n\t\t\t\t\t<\/div>\n\t\t<\/div>\n\t\t\t\t\t\t\t\t<\/div>\n\t\t\t\t\t<\/div>\n\t\t<\/section>\n\t\t\t\t<section class=\"elementor-section elementor-top-section elementor-element elementor-element-5ee733d0 elementor-section-boxed elementor-section-height-default elementor-section-height-default\" data-id=\"5ee733d0\" data-element_type=\"section\">\n\t\t\t\t\t\t<div class=\"elementor-container elementor-column-gap-default\">\n\t\t\t\t\t\t\t<div class=\"elementor-row\">\n\t\t\t\t\t<div class=\"elementor-column elementor-col-50 elementor-top-column elementor-element elementor-element-1149a6fa\" data-id=\"1149a6fa\" data-element_type=\"column\">\n\t\t\t<div class=\"elementor-column-wrap elementor-element-populated\">\n\t\t\t\t\t\t\t<div class=\"elementor-widget-wrap\">\n\t\t\t\t\t\t<div class=\"elementor-element elementor-element-5ff15b5d elementor-widget elementor-widget-image\" data-id=\"5ff15b5d\" data-element_type=\"widget\" data-widget_type=\"image.default\">\n\t\t\t\t<div class=\"elementor-widget-container\">\n\t\t\t\t\t<div class=\"elementor-image\">\n\t\t\t\t\t\t\t\t\t\t\t<a href=\"https:\/\/etanco.es\/\" target=\"_blank\">\n\t\t\t\t\t\t\t<img loading=\"lazy\" decoding=\"async\" width=\"200\" height=\"200\" src=\"https:\/\/www.dynal.cl\/industrial\/wp-content\/uploads\/2020\/12\/etanco.jpg\" class=\"attachment-large size-large\" alt=\"\" srcset=\"https:\/\/www.dynal.cl\/industrial\/wp-content\/uploads\/2020\/12\/etanco.jpg 200w, https:\/\/www.dynal.cl\/industrial\/wp-content\/uploads\/2020\/12\/etanco-150x150.jpg 150w\" sizes=\"(max-width: 200px) 100vw, 200px\" \/>\t\t\t\t\t\t\t\t<\/a>\n\t\t\t\t\t\t\t\t\t\t\t<\/div>\n\t\t\t\t<\/div>\n\t\t\t\t<\/div>\n\t\t\t\t\t\t<\/div>\n\t\t\t\t\t<\/div>\n\t\t<\/div>\n\t\t\t\t<div class=\"elementor-column elementor-col-50 elementor-top-column elementor-element elementor-element-59bf35be\" data-id=\"59bf35be\" data-element_type=\"column\">\n\t\t\t<div class=\"elementor-column-wrap elementor-element-populated\">\n\t\t\t\t\t\t\t<div class=\"elementor-widget-wrap\">\n\t\t\t\t\t\t<div class=\"elementor-element elementor-element-3dfc7772 elementor-widget elementor-widget-text-editor\" data-id=\"3dfc7772\" data-element_type=\"widget\" data-widget_type=\"text-editor.default\">\n\t\t\t\t<div class=\"elementor-widget-container\">\n\t\t\t\t\t<div class=\"elementor-text-editor elementor-clearfix\"><p>Los sistemas de fijaci\u00f3n Etanco\u00ae se caracterizan por su calidad, la cual se consigue por la selecci\u00f3n de las mejores materias primas, un dise\u00f1o minuciosamente estudiado y los m\u00e1s estrictos controles de calidad.<\/p><\/div>\n\t\t\t\t<\/div>\n\t\t\t\t<\/div>\n\t\t\t\t\t\t<\/div>\n\t\t\t\t\t<\/div>\n\t\t<\/div>\n\t\t\t\t\t\t\t\t<\/div>\n\t\t\t\t\t<\/div>\n\t\t<\/section>\n\t\t\t\t\t\t<\/div>\n\t\t\t\t\t\t<\/div>\n\t\t\t\t\t<\/div>\n\t\t","protected":false},"excerpt":{"rendered":"<p>Productos para Preservaci\u00f3n de Pavimentos y Conservaci\u00f3n Vial. Equipos de aplicaci\u00f3n: Selladoras, Ruteadoras, Bacheadoras. Sellos para Juntas y Grietas, Geocompuestos, Productos para Bacheo y Reparaci\u00f3n. Superficies de Alta Fricci\u00f3n. Laminas Drenantes Danodren\u00ae. L\u00e1minas sint\u00e9ticas de PVC Danopol\u00ae fabricadas mediante calandrado en dos capas y reforzada con diferentes tipos de armadura para cubiertas e impermeabilizaci\u00f3n subterr\u00e1nea [&hellip;]<\/p>\n","protected":false},"author":1,"featured_media":0,"parent":0,"menu_order":0,"comment_status":"closed","ping_status":"closed","template":"","meta":{"footnotes":""},"_links":{"self":[{"href":"https:\/\/www.dynal.cl\/industrial\/wp-json\/wp\/v2\/pages\/30"}],"collection":[{"href":"https:\/\/www.dynal.cl\/industrial\/wp-json\/wp\/v2\/pages"}],"about":[{"href":"https:\/\/www.dynal.cl\/industrial\/wp-json\/wp\/v2\/types\/page"}],"author":[{"embeddable":true,"href":"https:\/\/www.dynal.cl\/industrial\/wp-json\/wp\/v2\/users\/1"}],"replies":[{"embeddable":true,"href":"https:\/\/www.dynal.cl\/industrial\/wp-json\/wp\/v2\/comments?post=30"}],"version-history":[{"count":4,"href":"https:\/\/www.dynal.cl\/industrial\/wp-json\/wp\/v2\/pages\/30\/revisions"}],"predecessor-version":[{"id":166,"href":"https:\/\/www.dynal.cl\/industrial\/wp-json\/wp\/v2\/pages\/30\/revisions\/166"}],"wp:attachment":[{"href":"https:\/\/www.dynal.cl\/industrial\/wp-json\/wp\/v2\/media?parent=30"}],"curies":[{"name":"wp","href":"https:\/\/api.w.org\/{rel}","templated":true}]}}