{"id":26,"date":"2020-12-01T18:30:39","date_gmt":"2020-12-01T18:30:39","guid":{"rendered":"https:\/\/www.dynal.cl\/industrial\/?page_id=26"},"modified":"2020-12-01T19:52:28","modified_gmt":"2020-12-01T19:52:28","slug":"politica-de-calidad","status":"publish","type":"page","link":"https:\/\/www.dynal.cl\/industrial\/politica-de-calidad\/","title":{"rendered":"Pol\u00edtica de Calidad"},"content":{"rendered":"\t\t<div data-elementor-type=\"wp-page\" data-elementor-id=\"26\" class=\"elementor elementor-26\" data-elementor-settings=\"[]\">\n\t\t\t\t\t\t<div class=\"elementor-inner\">\n\t\t\t\t\t\t\t<div class=\"elementor-section-wrap\">\n\t\t\t\t\t\t\t<section class=\"elementor-section elementor-top-section elementor-element elementor-element-10a5d92b elementor-section-boxed elementor-section-height-default elementor-section-height-default\" data-id=\"10a5d92b\" data-element_type=\"section\">\n\t\t\t\t\t\t<div class=\"elementor-container elementor-column-gap-default\">\n\t\t\t\t\t\t\t<div class=\"elementor-row\">\n\t\t\t\t\t<div class=\"elementor-column elementor-col-50 elementor-top-column elementor-element elementor-element-1fe8b67a\" data-id=\"1fe8b67a\" data-element_type=\"column\">\n\t\t\t<div class=\"elementor-column-wrap elementor-element-populated\">\n\t\t\t\t\t\t\t<div class=\"elementor-widget-wrap\">\n\t\t\t\t\t\t<div class=\"elementor-element elementor-element-5077142b elementor-widget elementor-widget-text-editor\" data-id=\"5077142b\" data-element_type=\"widget\" data-widget_type=\"text-editor.default\">\n\t\t\t\t<div class=\"elementor-widget-container\">\n\t\t\t\t\t<div class=\"elementor-text-editor elementor-clearfix\"><p>En\u00a0<strong>Dynal Industrial S.A.,<\/strong>\u00a0trabajamos para dar satisfacci\u00f3n a las necesidades y expectativas de nuestros clientes. Para ello damos la mayor importancia a nuestros sistemas de gesti\u00f3n de calidad y de conducta responsable en la elaboraci\u00f3n de nuestros productos, su comercializaci\u00f3n en Chile y el extranjero, y a la mejora continua.<\/p><p>\u00a0<\/p><p>Contamos con una organizaci\u00f3n eficiente, procesos debidamente documentados con recursos suficientes y un adecuado nivel de entrenamiento y motivaci\u00f3n de nuestro personal.<\/p><p>\u00a0<\/p><p>Para el cumplimiento de la Pol\u00edtica, en Dynal Industrial dirigimos nuestros esfuerzos hacia los siguientes objetivos generales:<\/p><\/div>\n\t\t\t\t<\/div>\n\t\t\t\t<\/div>\n\t\t\t\t\t\t<\/div>\n\t\t\t\t\t<\/div>\n\t\t<\/div>\n\t\t\t\t<div class=\"elementor-column elementor-col-50 elementor-top-column elementor-element elementor-element-d16090a\" data-id=\"d16090a\" data-element_type=\"column\">\n\t\t\t<div class=\"elementor-column-wrap elementor-element-populated\">\n\t\t\t\t\t\t\t<div class=\"elementor-widget-wrap\">\n\t\t\t\t\t\t<div class=\"elementor-element elementor-element-7233517d elementor-widget elementor-widget-image\" data-id=\"7233517d\" data-element_type=\"widget\" data-widget_type=\"image.default\">\n\t\t\t\t<div class=\"elementor-widget-container\">\n\t\t\t\t\t<div class=\"elementor-image\">\n\t\t\t\t\t\t\t\t\t\t<img loading=\"lazy\" decoding=\"async\" width=\"306\" height=\"266\" src=\"https:\/\/www.dynal.cl\/industrial\/wp-content\/uploads\/2020\/12\/calidad.jpg\" class=\"attachment-large size-large\" alt=\"\" srcset=\"https:\/\/www.dynal.cl\/industrial\/wp-content\/uploads\/2020\/12\/calidad.jpg 306w, https:\/\/www.dynal.cl\/industrial\/wp-content\/uploads\/2020\/12\/calidad-300x261.jpg 300w\" sizes=\"(max-width: 306px) 100vw, 306px\" \/>\t\t\t\t\t\t\t\t\t\t\t<\/div>\n\t\t\t\t<\/div>\n\t\t\t\t<\/div>\n\t\t\t\t\t\t<\/div>\n\t\t\t\t\t<\/div>\n\t\t<\/div>\n\t\t\t\t\t\t\t\t<\/div>\n\t\t\t\t\t<\/div>\n\t\t<\/section>\n\t\t\t\t<section class=\"elementor-section elementor-top-section elementor-element elementor-element-215c42fe elementor-section-boxed elementor-section-height-default elementor-section-height-default\" data-id=\"215c42fe\" data-element_type=\"section\">\n\t\t\t\t\t\t<div class=\"elementor-container elementor-column-gap-default\">\n\t\t\t\t\t\t\t<div class=\"elementor-row\">\n\t\t\t\t\t<div class=\"elementor-column elementor-col-100 elementor-top-column elementor-element elementor-element-7dfc6a88\" data-id=\"7dfc6a88\" data-element_type=\"column\">\n\t\t\t<div class=\"elementor-column-wrap elementor-element-populated\">\n\t\t\t\t\t\t\t<div class=\"elementor-widget-wrap\">\n\t\t\t\t\t\t<div class=\"elementor-element elementor-element-7d4e1838 elementor-widget elementor-widget-text-editor\" data-id=\"7d4e1838\" data-element_type=\"widget\" data-widget_type=\"text-editor.default\">\n\t\t\t\t<div class=\"elementor-widget-container\">\n\t\t\t\t\t<div class=\"elementor-text-editor elementor-clearfix\"><ul><li>Tener personal capacitado para realizar las actividades relacionadas con la calidad y conducta responsable, mejorando el nivel de competencia donde sea necesario.<\/li><li>Mantener con nuestros clientes un contacto que nos permita mejorar sus niveles de satisfacci\u00f3n, atendiendo sus necesidades, sugerencias y reclamos.<\/li><li>Controlar la eficiencia de los procesos, acorde a normativas legales vigentes<\/li><li>Contar con procedimientos de seguridad, salud ocupacional y medio ambiente, escritos y actualizados<\/li><\/ul><\/div>\n\t\t\t\t<\/div>\n\t\t\t\t<\/div>\n\t\t\t\t\t\t<\/div>\n\t\t\t\t\t<\/div>\n\t\t<\/div>\n\t\t\t\t\t\t\t\t<\/div>\n\t\t\t\t\t<\/div>\n\t\t<\/section>\n\t\t\t\t<section class=\"elementor-section elementor-top-section elementor-element elementor-element-150a069a elementor-section-boxed elementor-section-height-default elementor-section-height-default\" data-id=\"150a069a\" data-element_type=\"section\">\n\t\t\t\t\t\t<div class=\"elementor-container elementor-column-gap-default\">\n\t\t\t\t\t\t\t<div class=\"elementor-row\">\n\t\t\t\t\t<div class=\"elementor-column elementor-col-100 elementor-top-column elementor-element elementor-element-7bab5e84\" data-id=\"7bab5e84\" data-element_type=\"column\">\n\t\t\t<div class=\"elementor-column-wrap elementor-element-populated\">\n\t\t\t\t\t\t\t<div class=\"elementor-widget-wrap\">\n\t\t\t\t\t\t<div class=\"elementor-element elementor-element-ec19663 elementor-widget elementor-widget-text-editor\" data-id=\"ec19663\" data-element_type=\"widget\" data-widget_type=\"text-editor.default\">\n\t\t\t\t<div class=\"elementor-widget-container\">\n\t\t\t\t\t<div class=\"elementor-text-editor elementor-clearfix\"><p>Los logros obtenidos son de beneficio para todos los integrantes de Dynal Industrial S.A., por lo que su aplicaci\u00f3n es obligatoria para lograr los objetivos establecidos por la compa\u00f1\u00eda.<\/p><\/div>\n\t\t\t\t<\/div>\n\t\t\t\t<\/div>\n\t\t\t\t\t\t<\/div>\n\t\t\t\t\t<\/div>\n\t\t<\/div>\n\t\t\t\t\t\t\t\t<\/div>\n\t\t\t\t\t<\/div>\n\t\t<\/section>\n\t\t\t\t\t\t<\/div>\n\t\t\t\t\t\t<\/div>\n\t\t\t\t\t<\/div>\n\t\t","protected":false},"excerpt":{"rendered":"<p>En\u00a0Dynal Industrial S.A.,\u00a0trabajamos para dar satisfacci\u00f3n a las necesidades y expectativas de nuestros clientes. Para ello damos la mayor importancia a nuestros sistemas de gesti\u00f3n de calidad y de conducta responsable en la elaboraci\u00f3n de nuestros productos, su comercializaci\u00f3n en Chile y el extranjero, y a la mejora continua. \u00a0 Contamos con una organizaci\u00f3n eficiente, [&hellip;]<\/p>\n","protected":false},"author":1,"featured_media":0,"parent":0,"menu_order":0,"comment_status":"closed","ping_status":"closed","template":"","meta":{"footnotes":""},"_links":{"self":[{"href":"https:\/\/www.dynal.cl\/industrial\/wp-json\/wp\/v2\/pages\/26"}],"collection":[{"href":"https:\/\/www.dynal.cl\/industrial\/wp-json\/wp\/v2\/pages"}],"about":[{"href":"https:\/\/www.dynal.cl\/industrial\/wp-json\/wp\/v2\/types\/page"}],"author":[{"embeddable":true,"href":"https:\/\/www.dynal.cl\/industrial\/wp-json\/wp\/v2\/users\/1"}],"replies":[{"embeddable":true,"href":"https:\/\/www.dynal.cl\/industrial\/wp-json\/wp\/v2\/comments?post=26"}],"version-history":[{"count":4,"href":"https:\/\/www.dynal.cl\/industrial\/wp-json\/wp\/v2\/pages\/26\/revisions"}],"predecessor-version":[{"id":109,"href":"https:\/\/www.dynal.cl\/industrial\/wp-json\/wp\/v2\/pages\/26\/revisions\/109"}],"wp:attachment":[{"href":"https:\/\/www.dynal.cl\/industrial\/wp-json\/wp\/v2\/media?parent=26"}],"curies":[{"name":"wp","href":"https:\/\/api.w.org\/{rel}","templated":true}]}}