{"id":81,"date":"2020-11-30T13:32:53","date_gmt":"2020-11-30T13:32:53","guid":{"rendered":"https:\/\/dynal.cl\/construccion\/?page_id=81"},"modified":"2021-08-04T20:09:54","modified_gmt":"2021-08-04T20:09:54","slug":"especificar","status":"publish","type":"page","link":"https:\/\/www.dynal.cl\/construccion\/especificar\/","title":{"rendered":"Especificar y Soluciones"},"content":{"rendered":"\t\t<div data-elementor-type=\"wp-page\" data-elementor-id=\"81\" class=\"elementor elementor-81\">\n\t\t\t\t\t\t<div class=\"elementor-inner\">\n\t\t\t\t<div class=\"elementor-section-wrap\">\n\t\t\t\t\t\t\t\t\t<section class=\"elementor-section elementor-top-section elementor-element elementor-element-50910fb elementor-section-boxed elementor-section-height-default elementor-section-height-default\" data-id=\"50910fb\" data-element_type=\"section\">\n\t\t\t\t\t\t<div class=\"elementor-container elementor-column-gap-default\">\n\t\t\t\t\t\t\t<div class=\"elementor-row\">\n\t\t\t\t\t<div class=\"elementor-column elementor-col-50 elementor-top-column elementor-element elementor-element-fad46a6\" data-id=\"fad46a6\" data-element_type=\"column\">\n\t\t\t<div class=\"elementor-column-wrap elementor-element-populated\">\n\t\t\t\t\t\t\t<div class=\"elementor-widget-wrap\">\n\t\t\t\t\t\t<div class=\"elementor-element elementor-element-549877f elementor-widget__width-initial elementor-widget elementor-widget-heading\" data-id=\"549877f\" data-element_type=\"widget\" data-widget_type=\"heading.default\">\n\t\t\t\t<div class=\"elementor-widget-container\">\n\t\t\t<h2 class=\"elementor-heading-title elementor-size-default\">SOLUCIONES \nDE\n IMPERMEABILIZACI\u00d3N<\/h2>\t\t<\/div>\n\t\t\t\t<\/div>\n\t\t\t\t<div class=\"elementor-element elementor-element-21c2858 elementor-widget elementor-widget-spacer\" data-id=\"21c2858\" data-element_type=\"widget\" data-widget_type=\"spacer.default\">\n\t\t\t\t<div class=\"elementor-widget-container\">\n\t\t\t\t\t<div class=\"elementor-spacer\">\n\t\t\t<div class=\"elementor-spacer-inner\"><\/div>\n\t\t<\/div>\n\t\t\t\t<\/div>\n\t\t\t\t<\/div>\n\t\t\t\t\t\t<\/div>\n\t\t\t\t\t<\/div>\n\t\t<\/div>\n\t\t\t\t<div class=\"elementor-column elementor-col-50 elementor-top-column elementor-element elementor-element-34e347d\" data-id=\"34e347d\" data-element_type=\"column\">\n\t\t\t<div class=\"elementor-column-wrap elementor-element-populated\">\n\t\t\t\t\t\t\t<div class=\"elementor-widget-wrap\">\n\t\t\t\t\t\t<div class=\"elementor-element elementor-element-ec220c8 elementor-widget__width-initial elementor-widget elementor-widget-heading\" data-id=\"ec220c8\" data-element_type=\"widget\" data-widget_type=\"heading.default\">\n\t\t\t\t<div class=\"elementor-widget-container\">\n\t\t\t<h2 class=\"elementor-heading-title elementor-size-default\"><a href=\"https:\/\/www.dynal.cl\/construccion\/contacto-dtp\/\">ESPECIFICAR<\/a><\/h2>\t\t<\/div>\n\t\t\t\t<\/div>\n\t\t\t\t\t\t<\/div>\n\t\t\t\t\t<\/div>\n\t\t<\/div>\n\t\t\t\t\t\t\t\t<\/div>\n\t\t\t\t\t<\/div>\n\t\t<\/section>\n\t\t\t\t<section class=\"elementor-section elementor-top-section elementor-element elementor-element-8849a43 elementor-section-boxed elementor-section-height-default elementor-section-height-default\" data-id=\"8849a43\" data-element_type=\"section\">\n\t\t\t\t\t\t<div class=\"elementor-container elementor-column-gap-extended\">\n\t\t\t\t\t\t\t<div class=\"elementor-row\">\n\t\t\t\t\t<div class=\"elementor-column elementor-col-33 elementor-top-column elementor-element elementor-element-bf0dfc2\" data-id=\"bf0dfc2\" data-element_type=\"column\">\n\t\t\t<div class=\"elementor-column-wrap elementor-element-populated\">\n\t\t\t\t\t\t\t<div class=\"elementor-widget-wrap\">\n\t\t\t\t\t\t<div class=\"elementor-element elementor-element-bf79b25 elementor-widget elementor-widget-image\" data-id=\"bf79b25\" data-element_type=\"widget\" data-widget_type=\"image.default\">\n\t\t\t\t<div class=\"elementor-widget-container\">\n\t\t\t\t\t\t\t\t<div class=\"elementor-image\">\n\t\t\t\t\t\t\t\t\t\t\t\t<img loading=\"lazy\" decoding=\"async\" width=\"300\" height=\"100\" src=\"https:\/\/www.dynal.cl\/construccion\/wp-content\/uploads\/2021\/07\/dtp-actualizado-2021.png\" class=\"attachment-medium size-medium\" alt=\"\" \/>\t\t\t\t\t\t\t\t\t\t\t\t\t\t<\/div>\n\t\t\t\t\t\t<\/div>\n\t\t\t\t<\/div>\n\t\t\t\t<div class=\"elementor-element elementor-element-9e631ee elementor-widget elementor-widget-heading\" data-id=\"9e631ee\" data-element_type=\"widget\" data-widget_type=\"heading.default\">\n\t\t\t\t<div class=\"elementor-widget-container\">\n\t\t\t<h2 class=\"elementor-heading-title elementor-size-default\"><a href=\"https:\/\/www.dynal.cl\/construccion\/impermeabilizacion-estructuras-subterraneas\/\">Sistemas Estructurales Subterr\u00e1neas<\/a><\/h2>\t\t<\/div>\n\t\t\t\t<\/div>\n\t\t\t\t<div class=\"elementor-element elementor-element-0029c41 elementor-widget elementor-widget-heading\" data-id=\"0029c41\" data-element_type=\"widget\" data-widget_type=\"heading.default\">\n\t\t\t\t<div class=\"elementor-widget-container\">\n\t\t\t<h2 class=\"elementor-heading-title elementor-size-default\"><a href=\"https:\/\/www.dynal.cl\/construccion\/impermeabilizacion-instalaciones-zonas-humedas-2\/\">Sistemas Instalaciones<\/a><\/h2>\t\t<\/div>\n\t\t\t\t<\/div>\n\t\t\t\t<div class=\"elementor-element elementor-element-b697ae5 elementor-widget elementor-widget-heading\" data-id=\"b697ae5\" data-element_type=\"widget\" data-widget_type=\"heading.default\">\n\t\t\t\t<div class=\"elementor-widget-container\">\n\t\t\t<h2 class=\"elementor-heading-title elementor-size-default\"><a href=\"https:\/\/www.dynal.cl\/construccion\/impermeabilizacion-cubiertas-losa-de-transito-vehicular\/\">Sistema Tr\u00e1nsito Vehicular<\/a><\/h2>\t\t<\/div>\n\t\t\t\t<\/div>\n\t\t\t\t<div class=\"elementor-element elementor-element-89ad517 elementor-widget elementor-widget-heading\" data-id=\"89ad517\" data-element_type=\"widget\" data-widget_type=\"heading.default\">\n\t\t\t\t<div class=\"elementor-widget-container\">\n\t\t\t<h2 class=\"elementor-heading-title elementor-size-default\"><a href=\"https:\/\/www.dynal.cl\/construccion\/impermeabilizacion-cubiertas-losa-transito-peatonal\/\">Sistema Tr\u00e1nsito Peatonal<\/a><\/h2>\t\t<\/div>\n\t\t\t\t<\/div>\n\t\t\t\t<div class=\"elementor-element elementor-element-7f9f96d elementor-widget elementor-widget-heading\" data-id=\"7f9f96d\" data-element_type=\"widget\" data-widget_type=\"heading.default\">\n\t\t\t\t<div class=\"elementor-widget-container\">\n\t\t\t<h2 class=\"elementor-heading-title elementor-size-default\"><a href=\"https:\/\/www.dynal.cl\/construccion\/impermeabilizacion-cubiertas-cubiertas\/\">Sistemas No Transitables<\/a><\/h2>\t\t<\/div>\n\t\t\t\t<\/div>\n\t\t\t\t<div class=\"elementor-element elementor-element-a9098e1 elementor-widget elementor-widget-heading\" data-id=\"a9098e1\" data-element_type=\"widget\" data-widget_type=\"heading.default\">\n\t\t\t\t<div class=\"elementor-widget-container\">\n\t\t\t<h2 class=\"elementor-heading-title elementor-size-default\"><a href=\"https:\/\/www.dynal.cl\/construccion\/impermeabilizacion-cubiertas-cubiertas-ajardinadas\/\">Sistemas Cubiertas Ajardinadas<\/a><\/h2>\t\t<\/div>\n\t\t\t\t<\/div>\n\t\t\t\t<div class=\"elementor-element elementor-element-e8c86cc elementor-widget__width-initial elementor-widget elementor-widget-image\" data-id=\"e8c86cc\" data-element_type=\"widget\" data-widget_type=\"image.default\">\n\t\t\t\t<div class=\"elementor-widget-container\">\n\t\t\t\t\t\t\t\t<div class=\"elementor-image\">\n\t\t\t\t\t\t\t\t\t\t\t\t<img loading=\"lazy\" decoding=\"async\" width=\"333\" height=\"200\" src=\"https:\/\/www.dynal.cl\/construccion\/wp-content\/uploads\/2021\/06\/4.jpg\" class=\"attachment-full size-full\" alt=\"\" srcset=\"https:\/\/www.dynal.cl\/construccion\/wp-content\/uploads\/2021\/06\/4.jpg 333w, https:\/\/www.dynal.cl\/construccion\/wp-content\/uploads\/2021\/06\/4-300x180.jpg 300w\" sizes=\"auto, (max-width: 333px) 100vw, 333px\" \/>\t\t\t\t\t\t\t\t\t\t\t\t\t\t<\/div>\n\t\t\t\t\t\t<\/div>\n\t\t\t\t<\/div>\n\t\t\t\t\t\t<\/div>\n\t\t\t\t\t<\/div>\n\t\t<\/div>\n\t\t\t\t<div class=\"elementor-column elementor-col-33 elementor-top-column elementor-element elementor-element-e5fe8bb\" data-id=\"e5fe8bb\" data-element_type=\"column\">\n\t\t\t<div class=\"elementor-column-wrap elementor-element-populated\">\n\t\t\t\t\t\t\t<div class=\"elementor-widget-wrap\">\n\t\t\t\t\t\t<section class=\"elementor-section elementor-inner-section elementor-element elementor-element-349f2de elementor-section-boxed elementor-section-height-default elementor-section-height-default\" data-id=\"349f2de\" data-element_type=\"section\">\n\t\t\t\t\t\t<div class=\"elementor-container elementor-column-gap-default\">\n\t\t\t\t\t\t\t<div class=\"elementor-row\">\n\t\t\t\t\t<div class=\"elementor-column elementor-col-50 elementor-inner-column elementor-element elementor-element-263f576\" data-id=\"263f576\" data-element_type=\"column\">\n\t\t\t<div class=\"elementor-column-wrap elementor-element-populated\">\n\t\t\t\t\t\t\t<div class=\"elementor-widget-wrap\">\n\t\t\t\t\t\t<div class=\"elementor-element elementor-element-343adf6 elementor-widget elementor-widget-image\" data-id=\"343adf6\" data-element_type=\"widget\" data-widget_type=\"image.default\">\n\t\t\t\t<div class=\"elementor-widget-container\">\n\t\t\t\t\t\t\t\t<div class=\"elementor-image\">\n\t\t\t\t\t\t\t\t\t\t\t\t<img loading=\"lazy\" decoding=\"async\" width=\"753\" height=\"1024\" src=\"https:\/\/www.dynal.cl\/construccion\/wp-content\/uploads\/2021\/07\/EspecificarSoluciones02-753x1024.jpg\" class=\"attachment-large size-large\" alt=\"\" srcset=\"https:\/\/www.dynal.cl\/construccion\/wp-content\/uploads\/2021\/07\/EspecificarSoluciones02-753x1024.jpg 753w, https:\/\/www.dynal.cl\/construccion\/wp-content\/uploads\/2021\/07\/EspecificarSoluciones02-221x300.jpg 221w, https:\/\/www.dynal.cl\/construccion\/wp-content\/uploads\/2021\/07\/EspecificarSoluciones02-768x1044.jpg 768w, https:\/\/www.dynal.cl\/construccion\/wp-content\/uploads\/2021\/07\/EspecificarSoluciones02-1130x1536.jpg 1130w, https:\/\/www.dynal.cl\/construccion\/wp-content\/uploads\/2021\/07\/EspecificarSoluciones02-1506x2048.jpg 1506w, https:\/\/www.dynal.cl\/construccion\/wp-content\/uploads\/2021\/07\/EspecificarSoluciones02-scaled.jpg 1883w\" sizes=\"auto, (max-width: 753px) 100vw, 753px\" \/>\t\t\t\t\t\t\t\t\t\t\t\t\t\t<\/div>\n\t\t\t\t\t\t<\/div>\n\t\t\t\t<\/div>\n\t\t\t\t\t\t<\/div>\n\t\t\t\t\t<\/div>\n\t\t<\/div>\n\t\t\t\t<div class=\"elementor-column elementor-col-50 elementor-inner-column elementor-element elementor-element-a5a78bd\" data-id=\"a5a78bd\" data-element_type=\"column\">\n\t\t\t<div class=\"elementor-column-wrap elementor-element-populated\">\n\t\t\t\t\t\t\t<div class=\"elementor-widget-wrap\">\n\t\t\t\t\t\t<div class=\"elementor-element elementor-element-83ce55c elementor-widget elementor-widget-image\" data-id=\"83ce55c\" data-element_type=\"widget\" data-widget_type=\"image.default\">\n\t\t\t\t<div class=\"elementor-widget-container\">\n\t\t\t\t\t\t\t\t<div class=\"elementor-image\">\n\t\t\t\t\t\t\t\t\t\t\t\t<img loading=\"lazy\" decoding=\"async\" width=\"1024\" height=\"801\" src=\"https:\/\/www.dynal.cl\/construccion\/wp-content\/uploads\/2021\/07\/EspecificarSoluciones03-1024x801.png\" class=\"attachment-large size-large\" alt=\"\" srcset=\"https:\/\/www.dynal.cl\/construccion\/wp-content\/uploads\/2021\/07\/EspecificarSoluciones03-1024x801.png 1024w, https:\/\/www.dynal.cl\/construccion\/wp-content\/uploads\/2021\/07\/EspecificarSoluciones03-300x235.png 300w, https:\/\/www.dynal.cl\/construccion\/wp-content\/uploads\/2021\/07\/EspecificarSoluciones03-768x601.png 768w, https:\/\/www.dynal.cl\/construccion\/wp-content\/uploads\/2021\/07\/EspecificarSoluciones03-1536x1202.png 1536w, https:\/\/www.dynal.cl\/construccion\/wp-content\/uploads\/2021\/07\/EspecificarSoluciones03-2048x1603.png 2048w\" sizes=\"auto, (max-width: 1024px) 100vw, 1024px\" \/>\t\t\t\t\t\t\t\t\t\t\t\t\t\t<\/div>\n\t\t\t\t\t\t<\/div>\n\t\t\t\t<\/div>\n\t\t\t\t<div class=\"elementor-element elementor-element-986d6c9 elementor-widget elementor-widget-image\" data-id=\"986d6c9\" data-element_type=\"widget\" data-widget_type=\"image.default\">\n\t\t\t\t<div class=\"elementor-widget-container\">\n\t\t\t\t\t\t\t\t<div class=\"elementor-image\">\n\t\t\t\t\t\t\t\t\t\t\t\t<img loading=\"lazy\" decoding=\"async\" width=\"1024\" height=\"996\" src=\"https:\/\/www.dynal.cl\/construccion\/wp-content\/uploads\/2021\/07\/EspecificarSoluciones04-1024x996.png\" class=\"attachment-large size-large\" alt=\"\" srcset=\"https:\/\/www.dynal.cl\/construccion\/wp-content\/uploads\/2021\/07\/EspecificarSoluciones04-1024x996.png 1024w, https:\/\/www.dynal.cl\/construccion\/wp-content\/uploads\/2021\/07\/EspecificarSoluciones04-300x292.png 300w, https:\/\/www.dynal.cl\/construccion\/wp-content\/uploads\/2021\/07\/EspecificarSoluciones04-768x747.png 768w, https:\/\/www.dynal.cl\/construccion\/wp-content\/uploads\/2021\/07\/EspecificarSoluciones04-1536x1494.png 1536w, https:\/\/www.dynal.cl\/construccion\/wp-content\/uploads\/2021\/07\/EspecificarSoluciones04-2048x1992.png 2048w\" sizes=\"auto, (max-width: 1024px) 100vw, 1024px\" \/>\t\t\t\t\t\t\t\t\t\t\t\t\t\t<\/div>\n\t\t\t\t\t\t<\/div>\n\t\t\t\t<\/div>\n\t\t\t\t\t\t<\/div>\n\t\t\t\t\t<\/div>\n\t\t<\/div>\n\t\t\t\t\t\t\t\t<\/div>\n\t\t\t\t\t<\/div>\n\t\t<\/section>\n\t\t\t\t<div class=\"elementor-element elementor-element-9520f81 elementor-widget elementor-widget-image\" data-id=\"9520f81\" data-element_type=\"widget\" data-widget_type=\"image.default\">\n\t\t\t\t<div class=\"elementor-widget-container\">\n\t\t\t\t\t\t\t\t<div class=\"elementor-image\">\n\t\t\t\t\t\t\t\t\t\t\t\t<img loading=\"lazy\" decoding=\"async\" width=\"1024\" height=\"281\" src=\"https:\/\/www.dynal.cl\/construccion\/wp-content\/uploads\/2021\/07\/EspecificarSoluciones05-1024x281.jpg\" class=\"attachment-large size-large\" alt=\"\" srcset=\"https:\/\/www.dynal.cl\/construccion\/wp-content\/uploads\/2021\/07\/EspecificarSoluciones05-1024x281.jpg 1024w, https:\/\/www.dynal.cl\/construccion\/wp-content\/uploads\/2021\/07\/EspecificarSoluciones05-300x82.jpg 300w, https:\/\/www.dynal.cl\/construccion\/wp-content\/uploads\/2021\/07\/EspecificarSoluciones05-768x211.jpg 768w, https:\/\/www.dynal.cl\/construccion\/wp-content\/uploads\/2021\/07\/EspecificarSoluciones05-1536x421.jpg 1536w, https:\/\/www.dynal.cl\/construccion\/wp-content\/uploads\/2021\/07\/EspecificarSoluciones05-2048x561.jpg 2048w\" sizes=\"auto, (max-width: 1024px) 100vw, 1024px\" \/>\t\t\t\t\t\t\t\t\t\t\t\t\t\t<\/div>\n\t\t\t\t\t\t<\/div>\n\t\t\t\t<\/div>\n\t\t\t\t\t\t<\/div>\n\t\t\t\t\t<\/div>\n\t\t<\/div>\n\t\t\t\t<div class=\"elementor-column elementor-col-33 elementor-top-column elementor-element elementor-element-1dbd8e3\" data-id=\"1dbd8e3\" data-element_type=\"column\">\n\t\t\t<div class=\"elementor-column-wrap elementor-element-populated\">\n\t\t\t\t\t\t\t<div class=\"elementor-widget-wrap\">\n\t\t\t\t\t\t<div class=\"elementor-element elementor-element-99b059c elementor-widget elementor-widget-image\" data-id=\"99b059c\" data-element_type=\"widget\" data-widget_type=\"image.default\">\n\t\t\t\t<div class=\"elementor-widget-container\">\n\t\t\t\t\t\t\t\t<div class=\"elementor-image\">\n\t\t\t\t\t\t\t\t\t\t\t\t<img loading=\"lazy\" decoding=\"async\" width=\"761\" height=\"1024\" src=\"https:\/\/www.dynal.cl\/construccion\/wp-content\/uploads\/2021\/07\/EspecificarSoluciones01-761x1024.jpg\" class=\"attachment-large size-large\" alt=\"\" srcset=\"https:\/\/www.dynal.cl\/construccion\/wp-content\/uploads\/2021\/07\/EspecificarSoluciones01-761x1024.jpg 761w, https:\/\/www.dynal.cl\/construccion\/wp-content\/uploads\/2021\/07\/EspecificarSoluciones01-223x300.jpg 223w, https:\/\/www.dynal.cl\/construccion\/wp-content\/uploads\/2021\/07\/EspecificarSoluciones01-768x1034.jpg 768w, https:\/\/www.dynal.cl\/construccion\/wp-content\/uploads\/2021\/07\/EspecificarSoluciones01-1141x1536.jpg 1141w, https:\/\/www.dynal.cl\/construccion\/wp-content\/uploads\/2021\/07\/EspecificarSoluciones01-1522x2048.jpg 1522w, https:\/\/www.dynal.cl\/construccion\/wp-content\/uploads\/2021\/07\/EspecificarSoluciones01-scaled.jpg 1902w\" sizes=\"auto, (max-width: 761px) 100vw, 761px\" \/>\t\t\t\t\t\t\t\t\t\t\t\t\t\t<\/div>\n\t\t\t\t\t\t<\/div>\n\t\t\t\t<\/div>\n\t\t\t\t<div class=\"elementor-element elementor-element-1a908bc elementor-widget elementor-widget-text-editor\" data-id=\"1a908bc\" data-element_type=\"widget\" data-widget_type=\"text-editor.default\">\n\t\t\t\t<div class=\"elementor-widget-container\">\n\t\t\t\t\t\t\t\t<div class=\"elementor-text-editor elementor-clearfix\">\n\t\t\t\t<p>Aumenta la seguridad de la obra a trav\u00e9s de nuestros servicios de asesor\u00eda y desarrollo de proyectos de impermeabilizaci\u00f3n limitando el riesgo de presencia de agua o humedades y reduciendo costosas post ventas.<\/p><p>Cont\u00e1ctenos a<strong> dtp@dynal.cl<\/strong><\/p><p>\u00a0<\/p>\t\t\t\t\t<\/div>\n\t\t\t\t\t\t<\/div>\n\t\t\t\t<\/div>\n\t\t\t\t\t\t<\/div>\n\t\t\t\t\t<\/div>\n\t\t<\/div>\n\t\t\t\t\t\t\t\t<\/div>\n\t\t\t\t\t<\/div>\n\t\t<\/section>\n\t\t\t\t\t\t\t\t\t<\/div>\n\t\t\t<\/div>\n\t\t\t\t\t<\/div>\n\t\t","protected":false},"excerpt":{"rendered":"<p>SOLUCIONES DE IMPERMEABILIZACI\u00d3N ESPECIFICAR Sistemas Estructurales Subterr\u00e1neas Sistemas Instalaciones Sistema Tr\u00e1nsito Vehicular Sistema Tr\u00e1nsito Peatonal Sistemas No Transitables Sistemas Cubiertas Ajardinadas Aumenta la seguridad de la obra a trav\u00e9s de nuestros servicios de asesor\u00eda y desarrollo de proyectos de impermeabilizaci\u00f3n limitando el riesgo de presencia de agua o humedades y reduciendo costosas post ventas. Cont\u00e1ctenos [&hellip;]<\/p>\n","protected":false},"author":1,"featured_media":0,"parent":0,"menu_order":0,"comment_status":"closed","ping_status":"closed","template":"","meta":{"footnotes":""},"class_list":["post-81","page","type-page","status-publish","hentry"],"_links":{"self":[{"href":"https:\/\/www.dynal.cl\/construccion\/wp-json\/wp\/v2\/pages\/81","targetHints":{"allow":["GET"]}}],"collection":[{"href":"https:\/\/www.dynal.cl\/construccion\/wp-json\/wp\/v2\/pages"}],"about":[{"href":"https:\/\/www.dynal.cl\/construccion\/wp-json\/wp\/v2\/types\/page"}],"author":[{"embeddable":true,"href":"https:\/\/www.dynal.cl\/construccion\/wp-json\/wp\/v2\/users\/1"}],"replies":[{"embeddable":true,"href":"https:\/\/www.dynal.cl\/construccion\/wp-json\/wp\/v2\/comments?post=81"}],"version-history":[{"count":235,"href":"https:\/\/www.dynal.cl\/construccion\/wp-json\/wp\/v2\/pages\/81\/revisions"}],"predecessor-version":[{"id":7898,"href":"https:\/\/www.dynal.cl\/construccion\/wp-json\/wp\/v2\/pages\/81\/revisions\/7898"}],"wp:attachment":[{"href":"https:\/\/www.dynal.cl\/construccion\/wp-json\/wp\/v2\/media?parent=81"}],"curies":[{"name":"wp","href":"https:\/\/api.w.org\/{rel}","templated":true}]}}