{"id":2997,"date":"2021-01-04T18:47:01","date_gmt":"2021-01-04T18:47:01","guid":{"rendered":"https:\/\/dynal.cl\/construccion\/?page_id=2997"},"modified":"2021-07-14T16:01:02","modified_gmt":"2021-07-14T16:01:02","slug":"fieltros-y-barreras-hidrofugas","status":"publish","type":"page","link":"https:\/\/www.dynal.cl\/construccion\/fieltros-y-barreras-hidrofugas\/","title":{"rendered":"FIELTROS Y BARRERAS HIDR\u00d3FUGAS"},"content":{"rendered":"\t\t<div data-elementor-type=\"wp-page\" data-elementor-id=\"2997\" class=\"elementor elementor-2997\">\n\t\t\t\t\t\t<div class=\"elementor-inner\">\n\t\t\t\t<div class=\"elementor-section-wrap\">\n\t\t\t\t\t\t\t\t\t<section class=\"elementor-section elementor-top-section elementor-element elementor-element-1dcfa782 elementor-section-boxed elementor-section-height-default elementor-section-height-default\" data-id=\"1dcfa782\" data-element_type=\"section\">\n\t\t\t\t\t\t<div class=\"elementor-container elementor-column-gap-default\">\n\t\t\t\t\t\t\t<div class=\"elementor-row\">\n\t\t\t\t\t<div class=\"elementor-column elementor-col-25 elementor-top-column elementor-element elementor-element-391fc200\" data-id=\"391fc200\" data-element_type=\"column\" data-settings=\"{&quot;background_background&quot;:&quot;classic&quot;}\">\n\t\t\t<div class=\"elementor-column-wrap elementor-element-populated\">\n\t\t\t\t\t\t\t<div class=\"elementor-widget-wrap\">\n\t\t\t\t\t\t<div class=\"elementor-element elementor-element-d89dc4d elementor-widget elementor-widget-heading\" data-id=\"d89dc4d\" data-element_type=\"widget\" data-widget_type=\"heading.default\">\n\t\t\t\t<div class=\"elementor-widget-container\">\n\t\t\t<h2 class=\"elementor-heading-title elementor-size-default\"><a href=\"https:\/\/www.dynal.cl\/construccion\/category\/fieltros-asfalticos-corrugados\/\">Fieltros Asf\u00e1lticos Corrugados<\/a><\/h2>\t\t<\/div>\n\t\t\t\t<\/div>\n\t\t\t\t\t\t<\/div>\n\t\t\t\t\t<\/div>\n\t\t<\/div>\n\t\t\t\t<div class=\"elementor-column elementor-col-25 elementor-top-column elementor-element elementor-element-1743f2ef\" data-id=\"1743f2ef\" data-element_type=\"column\" data-settings=\"{&quot;background_background&quot;:&quot;classic&quot;}\">\n\t\t\t<div class=\"elementor-column-wrap elementor-element-populated\">\n\t\t\t\t\t\t\t<div class=\"elementor-widget-wrap\">\n\t\t\t\t\t\t<div class=\"elementor-element elementor-element-745facde elementor-widget elementor-widget-heading\" data-id=\"745facde\" data-element_type=\"widget\" data-widget_type=\"heading.default\">\n\t\t\t\t<div class=\"elementor-widget-container\">\n\t\t\t<h2 class=\"elementor-heading-title elementor-size-default\"><a href=\"https:\/\/www.dynal.cl\/construccion\/category\/fieltros-asfalticos-lisos\/\">Fieltros Asf\u00e1lticos Lisos<\/a><\/h2>\t\t<\/div>\n\t\t\t\t<\/div>\n\t\t\t\t\t\t<\/div>\n\t\t\t\t\t<\/div>\n\t\t<\/div>\n\t\t\t\t<div class=\"elementor-column elementor-col-25 elementor-top-column elementor-element elementor-element-38fb0657\" data-id=\"38fb0657\" data-element_type=\"column\" data-settings=\"{&quot;background_background&quot;:&quot;classic&quot;}\">\n\t\t\t<div class=\"elementor-column-wrap elementor-element-populated\">\n\t\t\t\t\t\t\t<div class=\"elementor-widget-wrap\">\n\t\t\t\t\t\t<div class=\"elementor-element elementor-element-1722459c elementor-widget elementor-widget-heading\" data-id=\"1722459c\" data-element_type=\"widget\" data-widget_type=\"heading.default\">\n\t\t\t\t<div class=\"elementor-widget-container\">\n\t\t\t<h2 class=\"elementor-heading-title elementor-size-default\"><a href=\"https:\/\/www.dynal.cl\/construccion\/category\/fieltros-asfalticos-reflectantes-y-termolaminados\/\">Fieltros Asf\u00e1lticos Reflectantes y Termolaminados<\/a><\/h2>\t\t<\/div>\n\t\t\t\t<\/div>\n\t\t\t\t\t\t<\/div>\n\t\t\t\t\t<\/div>\n\t\t<\/div>\n\t\t\t\t<div class=\"elementor-column elementor-col-25 elementor-top-column elementor-element elementor-element-30d26412\" data-id=\"30d26412\" data-element_type=\"column\" data-settings=\"{&quot;background_background&quot;:&quot;classic&quot;}\">\n\t\t\t<div class=\"elementor-column-wrap elementor-element-populated\">\n\t\t\t\t\t\t\t<div class=\"elementor-widget-wrap\">\n\t\t\t\t\t\t<div class=\"elementor-element elementor-element-3a844651 elementor-widget elementor-widget-heading\" data-id=\"3a844651\" data-element_type=\"widget\" data-widget_type=\"heading.default\">\n\t\t\t\t<div class=\"elementor-widget-container\">\n\t\t\t<h2 class=\"elementor-heading-title elementor-size-default\"><a href=\"https:\/\/www.dynal.cl\/construccion\/category\/barreras-hidrofugas\/\">Barreras Hidr\u00f3fugas<\/a><\/h2>\t\t<\/div>\n\t\t\t\t<\/div>\n\t\t\t\t\t\t<\/div>\n\t\t\t\t\t<\/div>\n\t\t<\/div>\n\t\t\t\t\t\t\t\t<\/div>\n\t\t\t\t\t<\/div>\n\t\t<\/section>\n\t\t\t\t\t\t\t\t\t<\/div>\n\t\t\t<\/div>\n\t\t\t\t\t<\/div>\n\t\t","protected":false},"excerpt":{"rendered":"<p>Fieltros Asf\u00e1lticos Corrugados Fieltros Asf\u00e1lticos Lisos Fieltros Asf\u00e1lticos Reflectantes y Termolaminados Barreras Hidr\u00f3fugas<\/p>\n","protected":false},"author":1,"featured_media":0,"parent":0,"menu_order":0,"comment_status":"closed","ping_status":"closed","template":"","meta":{"footnotes":""},"class_list":["post-2997","page","type-page","status-publish","hentry"],"_links":{"self":[{"href":"https:\/\/www.dynal.cl\/construccion\/wp-json\/wp\/v2\/pages\/2997","targetHints":{"allow":["GET"]}}],"collection":[{"href":"https:\/\/www.dynal.cl\/construccion\/wp-json\/wp\/v2\/pages"}],"about":[{"href":"https:\/\/www.dynal.cl\/construccion\/wp-json\/wp\/v2\/types\/page"}],"author":[{"embeddable":true,"href":"https:\/\/www.dynal.cl\/construccion\/wp-json\/wp\/v2\/users\/1"}],"replies":[{"embeddable":true,"href":"https:\/\/www.dynal.cl\/construccion\/wp-json\/wp\/v2\/comments?post=2997"}],"version-history":[{"count":19,"href":"https:\/\/www.dynal.cl\/construccion\/wp-json\/wp\/v2\/pages\/2997\/revisions"}],"predecessor-version":[{"id":7756,"href":"https:\/\/www.dynal.cl\/construccion\/wp-json\/wp\/v2\/pages\/2997\/revisions\/7756"}],"wp:attachment":[{"href":"https:\/\/www.dynal.cl\/construccion\/wp-json\/wp\/v2\/media?parent=2997"}],"curies":[{"name":"wp","href":"https:\/\/api.w.org\/{rel}","templated":true}]}}