{"id":160,"date":"2020-11-30T15:36:01","date_gmt":"2020-11-30T15:36:01","guid":{"rendered":"https:\/\/dynal.cl\/construccion\/?page_id=160"},"modified":"2025-09-11T19:46:15","modified_gmt":"2025-09-11T19:46:15","slug":"certificacion-iso-9001-2015","status":"publish","type":"page","link":"https:\/\/www.dynal.cl\/construccion\/certificacion-iso-9001-2015\/","title":{"rendered":"Certificaci\u00f3n ISO 9001\/2015"},"content":{"rendered":"\t\t<div data-elementor-type=\"wp-page\" data-elementor-id=\"160\" class=\"elementor elementor-160\">\n\t\t\t\t\t\t<div class=\"elementor-inner\">\n\t\t\t\t<div class=\"elementor-section-wrap\">\n\t\t\t\t\t\t\t\t\t<section class=\"elementor-section elementor-top-section elementor-element elementor-element-b1c6964 elementor-section-boxed elementor-section-height-default elementor-section-height-default\" data-id=\"b1c6964\" data-element_type=\"section\">\n\t\t\t\t\t\t<div class=\"elementor-container elementor-column-gap-default\">\n\t\t\t\t\t\t\t<div class=\"elementor-row\">\n\t\t\t\t\t<div class=\"elementor-column elementor-col-100 elementor-top-column elementor-element elementor-element-07af77d\" data-id=\"07af77d\" data-element_type=\"column\">\n\t\t\t<div class=\"elementor-column-wrap elementor-element-populated\">\n\t\t\t\t\t\t\t<div class=\"elementor-widget-wrap\">\n\t\t\t\t\t\t<div class=\"elementor-element elementor-element-0fe5a97 elementor-widget elementor-widget-image\" data-id=\"0fe5a97\" data-element_type=\"widget\" data-widget_type=\"image.default\">\n\t\t\t\t<div class=\"elementor-widget-container\">\n\t\t\t\t\t\t\t\t<div class=\"elementor-image\">\n\t\t\t\t\t\t\t\t\t\t\t\t\t<a href=\"https:\/\/www.sgs.com\/en\/certified-clients-and-products\/certified-client-directory\" target=\"_blank\" rel=\"nofollow\">\n\t\t\t\t\t\t\t<img loading=\"lazy\" decoding=\"async\" width=\"300\" height=\"293\" src=\"https:\/\/www.dynal.cl\/construccion\/wp-content\/uploads\/2020\/11\/04.-Logo-ISO-SGS_ISO-9001-300x293-1.jpg\" class=\"attachment-large size-large\" alt=\"\" \/>\t\t\t\t\t\t\t\t<\/a>\n\t\t\t\t\t\t\t\t\t\t\t\t\t\t<\/div>\n\t\t\t\t\t\t<\/div>\n\t\t\t\t<\/div>\n\t\t\t\t\t\t<\/div>\n\t\t\t\t\t<\/div>\n\t\t<\/div>\n\t\t\t\t\t\t\t\t<\/div>\n\t\t\t\t\t<\/div>\n\t\t<\/section>\n\t\t\t\t<section class=\"elementor-section elementor-top-section elementor-element elementor-element-cdfbcf3 elementor-section-boxed elementor-section-height-default elementor-section-height-default\" data-id=\"cdfbcf3\" data-element_type=\"section\">\n\t\t\t\t\t\t<div class=\"elementor-container elementor-column-gap-default\">\n\t\t\t\t\t\t\t<div class=\"elementor-row\">\n\t\t\t\t\t<div class=\"elementor-column elementor-col-100 elementor-top-column elementor-element elementor-element-15428f3\" data-id=\"15428f3\" data-element_type=\"column\">\n\t\t\t<div class=\"elementor-column-wrap elementor-element-populated\">\n\t\t\t\t\t\t\t<div class=\"elementor-widget-wrap\">\n\t\t\t\t\t\t<div class=\"elementor-element elementor-element-1d628e3 elementor-widget elementor-widget-text-editor\" data-id=\"1d628e3\" data-element_type=\"widget\" data-widget_type=\"text-editor.default\">\n\t\t\t\t<div class=\"elementor-widget-container\">\n\t\t\t\t\t\t\t\t<div class=\"elementor-text-editor elementor-clearfix\">\n\t\t\t\t<p>La gerencia de\u00a0<strong>Dynal Industrial S.A.<\/strong>\u00a0mantiene un compromiso constante con la calidad, deseando mantener y ampliar una cultura de empresa en este sentido y potenciar la imagen de calidad de sus productos, que aumente el grado de confianza y satisfacci\u00f3n de los clientes.<\/p><p>\u00a0<\/p><p>La implementaci\u00f3n de un Sistema de Gesti\u00f3n de Calidad es fruto de una reflexi\u00f3n interna de la organizaci\u00f3n, cuya gerencia considera este proyecto como una fase dentro de un proyecto a largo plazo, enfocando a la excelencia empresarial, al que se incorporan progresivamente diferentes actividades que faciliten su logro con eficacia y eficiencia.<\/p><p>\u00a0<\/p><p>La certificaci\u00f3n del Sistema de Calidad, en cumplimiento con las normas ISO 9001:2015 por un organismo acreditado, refuerza indudablemente la credibilidad y confianza en nuestros productos y supone un est\u00edmulo para potenciar la mejora continua de m\u00e9todos de trabajo sistem\u00e1ticos al definir responsabilidades claras, impulsar mecanismos de decisi\u00f3n eficaces, v\u00edas de verificaci\u00f3n de nuestros logros, as\u00ed como el seguimiento continuo de los mismos.<\/p><p>\u00a0<\/p><p>El Sistema de Gesti\u00f3n de Calidad debe estar integrado en todos los niveles de la organizaci\u00f3n y su cumplimiento debe suponer la referencia obligada en el desarrollo de nuestras actividades habituales.<\/p>\t\t\t\t\t<\/div>\n\t\t\t\t\t\t<\/div>\n\t\t\t\t<\/div>\n\t\t\t\t\t\t<\/div>\n\t\t\t\t\t<\/div>\n\t\t<\/div>\n\t\t\t\t\t\t\t\t<\/div>\n\t\t\t\t\t<\/div>\n\t\t<\/section>\n\t\t\t\t<section class=\"elementor-section elementor-top-section elementor-element elementor-element-e3b39b4 elementor-section-boxed elementor-section-height-default elementor-section-height-default\" data-id=\"e3b39b4\" data-element_type=\"section\">\n\t\t\t\t\t\t<div class=\"elementor-container elementor-column-gap-default\">\n\t\t\t\t\t\t\t<div class=\"elementor-row\">\n\t\t\t\t\t<div class=\"elementor-column elementor-col-100 elementor-top-column elementor-element elementor-element-085e6a9\" data-id=\"085e6a9\" data-element_type=\"column\">\n\t\t\t<div class=\"elementor-column-wrap elementor-element-populated\">\n\t\t\t\t\t\t\t<div class=\"elementor-widget-wrap\">\n\t\t\t\t\t\t<section class=\"elementor-section elementor-inner-section elementor-element elementor-element-0e13c03 elementor-section-boxed elementor-section-height-default elementor-section-height-default\" data-id=\"0e13c03\" data-element_type=\"section\">\n\t\t\t\t\t\t<div class=\"elementor-container elementor-column-gap-default\">\n\t\t\t\t\t\t\t<div class=\"elementor-row\">\n\t\t\t\t\t<div class=\"elementor-column elementor-col-50 elementor-inner-column elementor-element elementor-element-3ea196c\" data-id=\"3ea196c\" data-element_type=\"column\">\n\t\t\t<div class=\"elementor-column-wrap elementor-element-populated\">\n\t\t\t\t\t\t\t<div class=\"elementor-widget-wrap\">\n\t\t\t\t\t\t<div class=\"elementor-element elementor-element-a33ac29 elementor-align-center elementor-widget elementor-widget-button\" data-id=\"a33ac29\" data-element_type=\"widget\" data-widget_type=\"button.default\">\n\t\t\t\t<div class=\"elementor-widget-container\">\n\t\t\t\t\t<div class=\"elementor-button-wrapper\">\n\t\t\t<a href=\"https:\/\/www.dynal.cl\/industrial\/wp-content\/uploads\/2021\/07\/CERT.-ISO-9001-INN-2018-2022-Dynal-Planta-Membranas-Asfalticas.pdf\" target=\"_blank\" class=\"elementor-button-link elementor-button elementor-size-sm\" role=\"button\">\n\t\t\t\t\t\t<span class=\"elementor-button-content-wrapper\">\n\t\t\t\t\t\t\t<span class=\"elementor-button-icon elementor-align-icon-left\">\n\t\t\t\t<i aria-hidden=\"true\" class=\"far fa-file-alt\"><\/i>\t\t\t<\/span>\n\t\t\t\t\t\t<span class=\"elementor-button-text\">Certificaci\u00f3n ISO 9001\/2015 Planta Membranas Asf\u00e1lticas<\/span>\n\t\t<\/span>\n\t\t\t\t\t<\/a>\n\t\t<\/div>\n\t\t\t\t<\/div>\n\t\t\t\t<\/div>\n\t\t\t\t\t\t<\/div>\n\t\t\t\t\t<\/div>\n\t\t<\/div>\n\t\t\t\t<div class=\"elementor-column elementor-col-50 elementor-inner-column elementor-element elementor-element-8027447\" data-id=\"8027447\" data-element_type=\"column\">\n\t\t\t<div class=\"elementor-column-wrap elementor-element-populated\">\n\t\t\t\t\t\t\t<div class=\"elementor-widget-wrap\">\n\t\t\t\t\t\t<div class=\"elementor-element elementor-element-99e200c elementor-align-center elementor-widget elementor-widget-button\" data-id=\"99e200c\" data-element_type=\"widget\" data-widget_type=\"button.default\">\n\t\t\t\t<div class=\"elementor-widget-container\">\n\t\t\t\t\t<div class=\"elementor-button-wrapper\">\n\t\t\t<a href=\"https:\/\/www.dynal.cl\/construccion\/wp-content\/uploads\/2022\/06\/Certificado-ISO-9001-INN-2018-2020-Planta-Asfalto.pdf\" target=\"_blank\" class=\"elementor-button-link elementor-button elementor-size-sm\" role=\"button\">\n\t\t\t\t\t\t<span class=\"elementor-button-content-wrapper\">\n\t\t\t\t\t\t\t<span class=\"elementor-button-icon elementor-align-icon-left\">\n\t\t\t\t<i aria-hidden=\"true\" class=\"far fa-file-alt\"><\/i>\t\t\t<\/span>\n\t\t\t\t\t\t<span class=\"elementor-button-text\">Certificaci\u00f3n ISO 9001\/2015 Planta de Asfaltos<\/span>\n\t\t<\/span>\n\t\t\t\t\t<\/a>\n\t\t<\/div>\n\t\t\t\t<\/div>\n\t\t\t\t<\/div>\n\t\t\t\t\t\t<\/div>\n\t\t\t\t\t<\/div>\n\t\t<\/div>\n\t\t\t\t\t\t\t\t<\/div>\n\t\t\t\t\t<\/div>\n\t\t<\/section>\n\t\t\t\t\t\t<\/div>\n\t\t\t\t\t<\/div>\n\t\t<\/div>\n\t\t\t\t\t\t\t\t<\/div>\n\t\t\t\t\t<\/div>\n\t\t<\/section>\n\t\t\t\t\t\t\t\t\t<\/div>\n\t\t\t<\/div>\n\t\t\t\t\t<\/div>\n\t\t","protected":false},"excerpt":{"rendered":"<p>La gerencia de\u00a0Dynal Industrial S.A.\u00a0mantiene un compromiso constante con la calidad, deseando mantener y ampliar una cultura de empresa en este sentido y potenciar la imagen de calidad de sus productos, que aumente el grado de confianza y satisfacci\u00f3n de los clientes. \u00a0 La implementaci\u00f3n de un Sistema de Gesti\u00f3n de Calidad es fruto de [&hellip;]<\/p>\n","protected":false},"author":1,"featured_media":0,"parent":0,"menu_order":0,"comment_status":"closed","ping_status":"closed","template":"","meta":{"footnotes":""},"class_list":["post-160","page","type-page","status-publish","hentry"],"_links":{"self":[{"href":"https:\/\/www.dynal.cl\/construccion\/wp-json\/wp\/v2\/pages\/160","targetHints":{"allow":["GET"]}}],"collection":[{"href":"https:\/\/www.dynal.cl\/construccion\/wp-json\/wp\/v2\/pages"}],"about":[{"href":"https:\/\/www.dynal.cl\/construccion\/wp-json\/wp\/v2\/types\/page"}],"author":[{"embeddable":true,"href":"https:\/\/www.dynal.cl\/construccion\/wp-json\/wp\/v2\/users\/1"}],"replies":[{"embeddable":true,"href":"https:\/\/www.dynal.cl\/construccion\/wp-json\/wp\/v2\/comments?post=160"}],"version-history":[{"count":38,"href":"https:\/\/www.dynal.cl\/construccion\/wp-json\/wp\/v2\/pages\/160\/revisions"}],"predecessor-version":[{"id":8473,"href":"https:\/\/www.dynal.cl\/construccion\/wp-json\/wp\/v2\/pages\/160\/revisions\/8473"}],"wp:attachment":[{"href":"https:\/\/www.dynal.cl\/construccion\/wp-json\/wp\/v2\/media?parent=160"}],"curies":[{"name":"wp","href":"https:\/\/api.w.org\/{rel}","templated":true}]}}